{"id":100,"date":"2018-03-23T16:38:18","date_gmt":"2018-03-23T15:38:18","guid":{"rendered":"http:\/\/exec.fr\/wp\/?page_id=100"},"modified":"2026-03-24T14:21:45","modified_gmt":"2026-03-24T13:21:45","slug":"services","status":"publish","type":"page","link":"https:\/\/exec.fr\/?page_id=100","title":{"rendered":"Services"},"content":{"rendered":"\t\t<div data-elementor-type=\"wp-post\" data-elementor-id=\"100\" class=\"elementor elementor-100\" data-elementor-settings=\"[]\">\n\t\t\t\t\t\t<div class=\"elementor-inner\">\n\t\t\t\t\t\t\t<div class=\"elementor-section-wrap\">\n\t\t\t\t\t\t\t<section class=\"elementor-section elementor-top-section elementor-element elementor-element-88f86c9 elementor-section-boxed elementor-section-height-default elementor-section-height-default\" data-id=\"88f86c9\" data-element_type=\"section\">\n\t\t\t\t\t\t<div class=\"elementor-container elementor-column-gap-default\">\n\t\t\t\t\t\t\t<div class=\"elementor-row\">\n\t\t\t\t\t<div class=\"elementor-column elementor-col-100 elementor-top-column elementor-element elementor-element-a152637 animated-slow elementor-invisible\" data-id=\"a152637\" data-element_type=\"column\" data-settings=\"{&quot;animation&quot;:&quot;fadeInDown&quot;}\">\n\t\t\t<div class=\"elementor-column-wrap elementor-element-populated\">\n\t\t\t\t\t\t\t<div class=\"elementor-widget-wrap\">\n\t\t\t\t\t\t<div class=\"elementor-element elementor-element-472c12d elementor-widget elementor-widget-heading\" data-id=\"472c12d\" data-element_type=\"widget\" data-widget_type=\"heading.default\">\n\t\t\t\t<div class=\"elementor-widget-container\">\n\t\t\t<h2 class=\"elementor-heading-title elementor-size-default\">Nos Services<\/h2>\t\t<\/div>\n\t\t\t\t<\/div>\n\t\t\t\t<div class=\"elementor-element elementor-element-480b629 elementor-widget elementor-widget-text-editor\" data-id=\"480b629\" data-element_type=\"widget\" data-widget_type=\"text-editor.default\">\n\t\t\t\t<div class=\"elementor-widget-container\">\n\t\t\t\t\t<div class=\"elementor-text-editor elementor-clearfix\"><p style=\"text-align: justify;\">Nous souhaitons vous apporter un service informatique complet. Depuis presque 37 ans, EXEC vous conseille, vous propose, vous oriente &#8230; Nous sommes \u00e0 vos c\u00f4t\u00e9s pour g\u00e9rer votre informatique et vous accompagner dans vos transformations digitales.<\/p>\n<p style=\"text-align: justify;\">Nous tenons \u00e0 prendre le temps pour vous expliquer notre d\u00e9marche, nos actions, vos possibilit\u00e9s afin que vous puissiez comprendre, faire les meilleurs choix en connaissance, que vous puissiez juger de notre qualit\u00e9 et que vous soyez satisfait.<\/p>\n<p style=\"text-align: justify;\">Car notre principal apport de nouveaux clients reste nos propres clients par le bouche \u00e0 oreille.<\/p><\/div>\n\t\t\t\t<\/div>\n\t\t\t\t<\/div>\n\t\t\t\t\t\t<\/div>\n\t\t\t\t\t<\/div>\n\t\t<\/div>\n\t\t\t\t\t\t\t\t<\/div>\n\t\t\t\t\t<\/div>\n\t\t<\/section>\n\t\t\t\t<section class=\"elementor-section elementor-top-section elementor-element elementor-element-1e0d99d elementor-section-height-min-height animated-slow elementor-section-boxed elementor-section-height-default elementor-section-items-middle elementor-invisible\" data-id=\"1e0d99d\" data-element_type=\"section\" data-settings=\"{&quot;animation&quot;:&quot;fadeInUp&quot;}\">\n\t\t\t\t\t\t<div class=\"elementor-container elementor-column-gap-default\">\n\t\t\t\t\t\t\t<div class=\"elementor-row\">\n\t\t\t\t\t<div class=\"elementor-column elementor-col-25 elementor-top-column elementor-element elementor-element-69c8eaf\" data-id=\"69c8eaf\" data-element_type=\"column\">\n\t\t\t<div class=\"elementor-column-wrap elementor-element-populated\">\n\t\t\t\t\t\t\t<div class=\"elementor-widget-wrap\">\n\t\t\t\t\t\t<div class=\"elementor-element elementor-element-63f938b elementor-invisible elementor-widget elementor-widget-image\" data-id=\"63f938b\" data-element_type=\"widget\" data-settings=\"{&quot;_animation&quot;:&quot;fadeInLeft&quot;}\" data-widget_type=\"image.default\">\n\t\t\t\t<div class=\"elementor-widget-container\">\n\t\t\t\t\t<div class=\"elementor-image\">\n\t\t\t\t\t\t\t<figure class=\"wp-caption\">\n\t\t\t\t\t\t\t\t\t\t\t<a href=\"https:\/\/exec.fr?page_id=18\">\n\t\t\t\t\t\t\t<img width=\"150\" height=\"150\" src=\"https:\/\/exec.fr\/wp-content\/uploads\/2018\/11\/Icr_Chess-150x150.png\" class=\"attachment-thumbnail size-thumbnail\" alt=\"\" loading=\"lazy\" srcset=\"https:\/\/exec.fr\/wp-content\/uploads\/2018\/11\/Icr_Chess-150x150.png 150w, https:\/\/exec.fr\/wp-content\/uploads\/2018\/11\/Icr_Chess-300x300.png 300w, https:\/\/exec.fr\/wp-content\/uploads\/2018\/11\/Icr_Chess-510x510.png 510w, https:\/\/exec.fr\/wp-content\/uploads\/2018\/11\/Icr_Chess.png 512w\" sizes=\"(max-width: 150px) 100vw, 150px\" \/>\t\t\t\t\t\t\t\t<\/a>\n\t\t\t\t\t\t\t\t\t\t\t<figcaption class=\"widget-image-caption wp-caption-text\">Audit et conseil<\/figcaption>\n\t\t\t\t\t\t\t\t\t\t<\/figure>\n\t\t\t\t\t<\/div>\n\t\t\t\t<\/div>\n\t\t\t\t<\/div>\n\t\t\t\t\t\t<\/div>\n\t\t\t\t\t<\/div>\n\t\t<\/div>\n\t\t\t\t<div class=\"elementor-column elementor-col-25 elementor-top-column elementor-element elementor-element-958116e\" data-id=\"958116e\" data-element_type=\"column\">\n\t\t\t<div class=\"elementor-column-wrap elementor-element-populated\">\n\t\t\t\t\t\t\t<div class=\"elementor-widget-wrap\">\n\t\t\t\t\t\t<div class=\"elementor-element elementor-element-ae6576a elementor-invisible elementor-widget elementor-widget-image\" data-id=\"ae6576a\" data-element_type=\"widget\" data-settings=\"{&quot;_animation&quot;:&quot;fadeInLeft&quot;}\" data-widget_type=\"image.default\">\n\t\t\t\t<div class=\"elementor-widget-container\">\n\t\t\t\t\t<div class=\"elementor-image\">\n\t\t\t\t\t\t\t<figure class=\"wp-caption\">\n\t\t\t\t\t\t\t\t\t\t\t<a href=\"https:\/\/exec.fr?page_id=68\">\n\t\t\t\t\t\t\t<img width=\"150\" height=\"150\" src=\"https:\/\/exec.fr\/wp-content\/uploads\/2018\/11\/Icr_Infra-150x150.png\" class=\"attachment-thumbnail size-thumbnail\" alt=\"\" loading=\"lazy\" srcset=\"https:\/\/exec.fr\/wp-content\/uploads\/2018\/11\/Icr_Infra-150x150.png 150w, https:\/\/exec.fr\/wp-content\/uploads\/2018\/11\/Icr_Infra-300x300.png 300w, https:\/\/exec.fr\/wp-content\/uploads\/2018\/11\/Icr_Infra-510x510.png 510w, https:\/\/exec.fr\/wp-content\/uploads\/2018\/11\/Icr_Infra.png 514w\" sizes=\"(max-width: 150px) 100vw, 150px\" \/>\t\t\t\t\t\t\t\t<\/a>\n\t\t\t\t\t\t\t\t\t\t\t<figcaption class=\"widget-image-caption wp-caption-text\">N\u00e9goce et int\u00e9gration<\/figcaption>\n\t\t\t\t\t\t\t\t\t\t<\/figure>\n\t\t\t\t\t<\/div>\n\t\t\t\t<\/div>\n\t\t\t\t<\/div>\n\t\t\t\t\t\t<\/div>\n\t\t\t\t\t<\/div>\n\t\t<\/div>\n\t\t\t\t<div class=\"elementor-column elementor-col-25 elementor-top-column elementor-element elementor-element-b457057\" data-id=\"b457057\" data-element_type=\"column\">\n\t\t\t<div class=\"elementor-column-wrap elementor-element-populated\">\n\t\t\t\t\t\t\t<div class=\"elementor-widget-wrap\">\n\t\t\t\t\t\t<div class=\"elementor-element elementor-element-fd5d864 elementor-invisible elementor-widget elementor-widget-image\" data-id=\"fd5d864\" data-element_type=\"widget\" data-settings=\"{&quot;_animation&quot;:&quot;fadeInRight&quot;}\" data-widget_type=\"image.default\">\n\t\t\t\t<div class=\"elementor-widget-container\">\n\t\t\t\t\t<div class=\"elementor-image\">\n\t\t\t\t\t\t\t<figure class=\"wp-caption\">\n\t\t\t\t\t\t\t\t\t\t\t<a href=\"https:\/\/exec.fr?page_id=70\">\n\t\t\t\t\t\t\t<img width=\"150\" height=\"150\" src=\"https:\/\/exec.fr\/wp-content\/uploads\/2018\/11\/Icr_Assistance-150x150.png\" class=\"attachment-thumbnail size-thumbnail\" alt=\"\" loading=\"lazy\" srcset=\"https:\/\/exec.fr\/wp-content\/uploads\/2018\/11\/Icr_Assistance-150x150.png 150w, https:\/\/exec.fr\/wp-content\/uploads\/2018\/11\/Icr_Assistance-300x300.png 300w, https:\/\/exec.fr\/wp-content\/uploads\/2018\/11\/Icr_Assistance-510x510.png 510w, https:\/\/exec.fr\/wp-content\/uploads\/2018\/11\/Icr_Assistance.png 512w\" sizes=\"(max-width: 150px) 100vw, 150px\" \/>\t\t\t\t\t\t\t\t<\/a>\n\t\t\t\t\t\t\t\t\t\t\t<figcaption class=\"widget-image-caption wp-caption-text\">Assistance et infog\u00e9rance<\/figcaption>\n\t\t\t\t\t\t\t\t\t\t<\/figure>\n\t\t\t\t\t<\/div>\n\t\t\t\t<\/div>\n\t\t\t\t<\/div>\n\t\t\t\t\t\t<\/div>\n\t\t\t\t\t<\/div>\n\t\t<\/div>\n\t\t\t\t<div class=\"elementor-column elementor-col-25 elementor-top-column elementor-element elementor-element-91fa188\" data-id=\"91fa188\" data-element_type=\"column\">\n\t\t\t<div class=\"elementor-column-wrap elementor-element-populated\">\n\t\t\t\t\t\t\t<div class=\"elementor-widget-wrap\">\n\t\t\t\t\t\t<div class=\"elementor-element elementor-element-f9b5db2 elementor-invisible elementor-widget elementor-widget-image\" data-id=\"f9b5db2\" data-element_type=\"widget\" data-settings=\"{&quot;_animation&quot;:&quot;fadeInRight&quot;}\" data-widget_type=\"image.default\">\n\t\t\t\t<div class=\"elementor-widget-container\">\n\t\t\t\t\t<div class=\"elementor-image\">\n\t\t\t\t\t\t\t<figure class=\"wp-caption\">\n\t\t\t\t\t\t\t\t\t\t\t<a href=\"https:\/\/exec.fr?page_id=63\">\n\t\t\t\t\t\t\t<img width=\"150\" height=\"150\" src=\"https:\/\/exec.fr\/wp-content\/uploads\/2018\/11\/Icr_Coach-150x150.jpg\" class=\"attachment-thumbnail size-thumbnail\" alt=\"\" loading=\"lazy\" srcset=\"https:\/\/exec.fr\/wp-content\/uploads\/2018\/11\/Icr_Coach-150x150.jpg 150w, https:\/\/exec.fr\/wp-content\/uploads\/2018\/11\/Icr_Coach-300x300.jpg 300w, https:\/\/exec.fr\/wp-content\/uploads\/2018\/11\/Icr_Coach-510x510.jpg 510w, https:\/\/exec.fr\/wp-content\/uploads\/2018\/11\/Icr_Coach.jpg 512w\" sizes=\"(max-width: 150px) 100vw, 150px\" \/>\t\t\t\t\t\t\t\t<\/a>\n\t\t\t\t\t\t\t\t\t\t\t<figcaption class=\"widget-image-caption wp-caption-text\">Accompagnement et coaching<\/figcaption>\n\t\t\t\t\t\t\t\t\t\t<\/figure>\n\t\t\t\t\t<\/div>\n\t\t\t\t<\/div>\n\t\t\t\t<\/div>\n\t\t\t\t\t\t<\/div>\n\t\t\t\t\t<\/div>\n\t\t<\/div>\n\t\t\t\t\t\t\t\t<\/div>\n\t\t\t\t\t<\/div>\n\t\t<\/section>\n\t\t\t\t\t\t<\/div>\n\t\t\t\t\t\t<\/div>\n\t\t\t\t\t<\/div>\n\t\t","protected":false},"excerpt":{"rendered":"<p>Nos Services Nous souhaitons vous apporter un service informatique complet. Depuis presque 37 ans, EXEC vous conseille, vous propose, vous oriente &#8230; Nous sommes \u00e0 vos c\u00f4t\u00e9s pour g\u00e9rer votre informatique et vous accompagner dans vos transformations digitales. Nous tenons \u00e0 prendre le temps pour vous expliquer notre d\u00e9marche, nos actions, vos possibilit\u00e9s afin que [&hellip;]<\/p>\n","protected":false},"author":1,"featured_media":1383,"parent":0,"menu_order":0,"comment_status":"closed","ping_status":"closed","template":"","meta":[],"yoast_head":"<!-- This site is optimized with the Yoast SEO plugin v18.4.1 - https:\/\/yoast.com\/wordpress\/plugins\/seo\/ -->\n<title>Services - EXEC<\/title>\n<meta name=\"robots\" content=\"index, follow, max-snippet:-1, max-image-preview:large, max-video-preview:-1\" \/>\n<link rel=\"canonical\" href=\"https:\/\/exec.fr\/?page_id=100\" \/>\n<meta property=\"og:locale\" content=\"fr_FR\" \/>\n<meta property=\"og:type\" content=\"article\" \/>\n<meta property=\"og:title\" content=\"Services - EXEC\" \/>\n<meta property=\"og:description\" content=\"Nos Services Nous souhaitons vous apporter un service informatique complet. Depuis presque 37 ans, EXEC vous conseille, vous propose, vous oriente &#8230; Nous sommes \u00e0 vos c\u00f4t\u00e9s pour g\u00e9rer votre informatique et vous accompagner dans vos transformations digitales. Nous tenons \u00e0 prendre le temps pour vous expliquer notre d\u00e9marche, nos actions, vos possibilit\u00e9s afin que [&hellip;]\" \/>\n<meta property=\"og:url\" content=\"https:\/\/exec.fr\/?page_id=100\" \/>\n<meta property=\"og:site_name\" content=\"EXEC\" \/>\n<meta property=\"article:modified_time\" content=\"2026-03-24T13:21:45+00:00\" \/>\n<meta property=\"og:image\" content=\"https:\/\/exec.fr\/wp-content\/uploads\/2018\/09\/if_Livejournal_1063067.png\" \/>\n\t<meta property=\"og:image:width\" content=\"512\" \/>\n\t<meta property=\"og:image:height\" content=\"512\" \/>\n\t<meta property=\"og:image:type\" content=\"image\/png\" \/>\n<meta name=\"twitter:card\" content=\"summary_large_image\" \/>\n<meta name=\"twitter:label1\" content=\"Dur\u00e9e de lecture estim\u00e9e\" \/>\n\t<meta name=\"twitter:data1\" content=\"2 minutes\" \/>\n<script type=\"application\/ld+json\" class=\"yoast-schema-graph\">{\"@context\":\"https:\/\/schema.org\",\"@graph\":[{\"@type\":\"Organization\",\"@id\":\"https:\/\/exec.fr\/#organization\",\"name\":\"EXEC\",\"url\":\"https:\/\/exec.fr\/\",\"sameAs\":[],\"logo\":{\"@type\":\"ImageObject\",\"@id\":\"https:\/\/exec.fr\/#logo\",\"inLanguage\":\"fr-FR\",\"url\":\"https:\/\/exec.fr\/wp-content\/uploads\/2018\/03\/execlogo.png\",\"contentUrl\":\"https:\/\/exec.fr\/wp-content\/uploads\/2018\/03\/execlogo.png\",\"width\":315,\"height\":222,\"caption\":\"EXEC\"},\"image\":{\"@id\":\"https:\/\/exec.fr\/#logo\"}},{\"@type\":\"WebSite\",\"@id\":\"https:\/\/exec.fr\/#website\",\"url\":\"https:\/\/exec.fr\/\",\"name\":\"EXEC\",\"description\":\"ESN informatique d&#039;Aquitaine qui accompagne ses entreprises clientes sur l&#039;audit, conseil, installation, assistance\/maintenance\",\"publisher\":{\"@id\":\"https:\/\/exec.fr\/#organization\"},\"potentialAction\":[{\"@type\":\"SearchAction\",\"target\":{\"@type\":\"EntryPoint\",\"urlTemplate\":\"https:\/\/exec.fr\/?s={search_term_string}\"},\"query-input\":\"required name=search_term_string\"}],\"inLanguage\":\"fr-FR\"},{\"@type\":\"ImageObject\",\"@id\":\"https:\/\/exec.fr\/?page_id=100#primaryimage\",\"inLanguage\":\"fr-FR\",\"url\":\"https:\/\/exec.fr\/wp-content\/uploads\/2018\/09\/if_Livejournal_1063067.png\",\"contentUrl\":\"https:\/\/exec.fr\/wp-content\/uploads\/2018\/09\/if_Livejournal_1063067.png\",\"width\":512,\"height\":512},{\"@type\":\"WebPage\",\"@id\":\"https:\/\/exec.fr\/?page_id=100#webpage\",\"url\":\"https:\/\/exec.fr\/?page_id=100\",\"name\":\"Services - EXEC\",\"isPartOf\":{\"@id\":\"https:\/\/exec.fr\/#website\"},\"primaryImageOfPage\":{\"@id\":\"https:\/\/exec.fr\/?page_id=100#primaryimage\"},\"datePublished\":\"2018-03-23T15:38:18+00:00\",\"dateModified\":\"2026-03-24T13:21:45+00:00\",\"breadcrumb\":{\"@id\":\"https:\/\/exec.fr\/?page_id=100#breadcrumb\"},\"inLanguage\":\"fr-FR\",\"potentialAction\":[{\"@type\":\"ReadAction\",\"target\":[\"https:\/\/exec.fr\/?page_id=100\"]}]},{\"@type\":\"BreadcrumbList\",\"@id\":\"https:\/\/exec.fr\/?page_id=100#breadcrumb\",\"itemListElement\":[{\"@type\":\"ListItem\",\"position\":1,\"name\":\"Accueil\",\"item\":\"https:\/\/exec.fr\/\"},{\"@type\":\"ListItem\",\"position\":2,\"name\":\"Services\"}]}]}<\/script>\n<!-- \/ Yoast SEO plugin. -->","yoast_head_json":{"title":"Services - EXEC","robots":{"index":"index","follow":"follow","max-snippet":"max-snippet:-1","max-image-preview":"max-image-preview:large","max-video-preview":"max-video-preview:-1"},"canonical":"https:\/\/exec.fr\/?page_id=100","og_locale":"fr_FR","og_type":"article","og_title":"Services - EXEC","og_description":"Nos Services Nous souhaitons vous apporter un service informatique complet. Depuis presque 37 ans, EXEC vous conseille, vous propose, vous oriente &#8230; Nous sommes \u00e0 vos c\u00f4t\u00e9s pour g\u00e9rer votre informatique et vous accompagner dans vos transformations digitales. Nous tenons \u00e0 prendre le temps pour vous expliquer notre d\u00e9marche, nos actions, vos possibilit\u00e9s afin que [&hellip;]","og_url":"https:\/\/exec.fr\/?page_id=100","og_site_name":"EXEC","article_modified_time":"2026-03-24T13:21:45+00:00","og_image":[{"width":512,"height":512,"url":"https:\/\/exec.fr\/wp-content\/uploads\/2018\/09\/if_Livejournal_1063067.png","type":"image\/png"}],"twitter_card":"summary_large_image","twitter_misc":{"Dur\u00e9e de lecture estim\u00e9e":"2 minutes"},"schema":{"@context":"https:\/\/schema.org","@graph":[{"@type":"Organization","@id":"https:\/\/exec.fr\/#organization","name":"EXEC","url":"https:\/\/exec.fr\/","sameAs":[],"logo":{"@type":"ImageObject","@id":"https:\/\/exec.fr\/#logo","inLanguage":"fr-FR","url":"https:\/\/exec.fr\/wp-content\/uploads\/2018\/03\/execlogo.png","contentUrl":"https:\/\/exec.fr\/wp-content\/uploads\/2018\/03\/execlogo.png","width":315,"height":222,"caption":"EXEC"},"image":{"@id":"https:\/\/exec.fr\/#logo"}},{"@type":"WebSite","@id":"https:\/\/exec.fr\/#website","url":"https:\/\/exec.fr\/","name":"EXEC","description":"ESN informatique d&#039;Aquitaine qui accompagne ses entreprises clientes sur l&#039;audit, conseil, installation, assistance\/maintenance","publisher":{"@id":"https:\/\/exec.fr\/#organization"},"potentialAction":[{"@type":"SearchAction","target":{"@type":"EntryPoint","urlTemplate":"https:\/\/exec.fr\/?s={search_term_string}"},"query-input":"required name=search_term_string"}],"inLanguage":"fr-FR"},{"@type":"ImageObject","@id":"https:\/\/exec.fr\/?page_id=100#primaryimage","inLanguage":"fr-FR","url":"https:\/\/exec.fr\/wp-content\/uploads\/2018\/09\/if_Livejournal_1063067.png","contentUrl":"https:\/\/exec.fr\/wp-content\/uploads\/2018\/09\/if_Livejournal_1063067.png","width":512,"height":512},{"@type":"WebPage","@id":"https:\/\/exec.fr\/?page_id=100#webpage","url":"https:\/\/exec.fr\/?page_id=100","name":"Services - EXEC","isPartOf":{"@id":"https:\/\/exec.fr\/#website"},"primaryImageOfPage":{"@id":"https:\/\/exec.fr\/?page_id=100#primaryimage"},"datePublished":"2018-03-23T15:38:18+00:00","dateModified":"2026-03-24T13:21:45+00:00","breadcrumb":{"@id":"https:\/\/exec.fr\/?page_id=100#breadcrumb"},"inLanguage":"fr-FR","potentialAction":[{"@type":"ReadAction","target":["https:\/\/exec.fr\/?page_id=100"]}]},{"@type":"BreadcrumbList","@id":"https:\/\/exec.fr\/?page_id=100#breadcrumb","itemListElement":[{"@type":"ListItem","position":1,"name":"Accueil","item":"https:\/\/exec.fr\/"},{"@type":"ListItem","position":2,"name":"Services"}]}]}},"_links":{"self":[{"href":"https:\/\/exec.fr\/index.php?rest_route=\/wp\/v2\/pages\/100"}],"collection":[{"href":"https:\/\/exec.fr\/index.php?rest_route=\/wp\/v2\/pages"}],"about":[{"href":"https:\/\/exec.fr\/index.php?rest_route=\/wp\/v2\/types\/page"}],"author":[{"embeddable":true,"href":"https:\/\/exec.fr\/index.php?rest_route=\/wp\/v2\/users\/1"}],"replies":[{"embeddable":true,"href":"https:\/\/exec.fr\/index.php?rest_route=%2Fwp%2Fv2%2Fcomments&post=100"}],"version-history":[{"count":58,"href":"https:\/\/exec.fr\/index.php?rest_route=\/wp\/v2\/pages\/100\/revisions"}],"predecessor-version":[{"id":3269,"href":"https:\/\/exec.fr\/index.php?rest_route=\/wp\/v2\/pages\/100\/revisions\/3269"}],"wp:featuredmedia":[{"embeddable":true,"href":"https:\/\/exec.fr\/index.php?rest_route=\/wp\/v2\/media\/1383"}],"wp:attachment":[{"href":"https:\/\/exec.fr\/index.php?rest_route=%2Fwp%2Fv2%2Fmedia&parent=100"}],"curies":[{"name":"wp","href":"https:\/\/api.w.org\/{rel}","templated":true}]}}