{"id":18,"date":"2018-03-22T15:36:45","date_gmt":"2018-03-22T14:36:45","guid":{"rendered":"http:\/\/exec.fr\/wp\/?page_id=18"},"modified":"2018-11-29T18:23:15","modified_gmt":"2018-11-29T17:23:15","slug":"audit","status":"publish","type":"page","link":"https:\/\/exec.fr\/?page_id=18","title":{"rendered":"Audit &#038; Conseil"},"content":{"rendered":"\t\t<div data-elementor-type=\"wp-post\" data-elementor-id=\"18\" class=\"elementor elementor-18 elementor-bc-flex-widget\" data-elementor-settings=\"[]\">\n\t\t\t\t\t\t<div class=\"elementor-inner\">\n\t\t\t\t\t\t\t<div class=\"elementor-section-wrap\">\n\t\t\t\t\t\t\t<section class=\"elementor-section elementor-top-section elementor-element elementor-element-45faf91 animated-slow elementor-section-boxed elementor-section-height-default elementor-section-height-default elementor-invisible\" data-id=\"45faf91\" data-element_type=\"section\" data-settings=\"{&quot;animation&quot;:&quot;fadeIn&quot;}\">\n\t\t\t\t\t\t<div class=\"elementor-container elementor-column-gap-default\">\n\t\t\t\t\t\t\t<div class=\"elementor-row\">\n\t\t\t\t\t<div class=\"elementor-column elementor-col-100 elementor-top-column elementor-element elementor-element-1274d9c animated-slow elementor-invisible\" data-id=\"1274d9c\" data-element_type=\"column\" data-settings=\"{&quot;animation&quot;:&quot;fadeIn&quot;}\">\n\t\t\t<div class=\"elementor-column-wrap elementor-element-populated\">\n\t\t\t\t\t\t\t<div class=\"elementor-widget-wrap\">\n\t\t\t\t\t\t<div class=\"elementor-element elementor-element-17882ce elementor-widget elementor-widget-image\" data-id=\"17882ce\" data-element_type=\"widget\" data-widget_type=\"image.default\">\n\t\t\t\t<div class=\"elementor-widget-container\">\n\t\t\t\t\t<div class=\"elementor-image\">\n\t\t\t\t\t\t\t\t\t\t<img src=\"https:\/\/exec.fr\/wp-content\/uploads\/elementor\/thumbs\/Ban_AuditChess-nzi15o7o4376l1p15oagxaxt2crjueifgpxvpu8f5k.jpg\" title=\"Audit et Conseil\" alt=\"Audit et Conseil\" \/>\t\t\t\t\t\t\t\t\t\t\t<\/div>\n\t\t\t\t<\/div>\n\t\t\t\t<\/div>\n\t\t\t\t\t\t<\/div>\n\t\t\t\t\t<\/div>\n\t\t<\/div>\n\t\t\t\t\t\t\t\t<\/div>\n\t\t\t\t\t<\/div>\n\t\t<\/section>\n\t\t\t\t<section class=\"elementor-section elementor-top-section elementor-element elementor-element-cbe6b8b elementor-section-boxed elementor-section-height-default elementor-section-height-default\" data-id=\"cbe6b8b\" data-element_type=\"section\">\n\t\t\t\t\t\t<div class=\"elementor-container elementor-column-gap-default\">\n\t\t\t\t\t\t\t<div class=\"elementor-row\">\n\t\t\t\t\t<div class=\"elementor-column elementor-col-100 elementor-top-column elementor-element elementor-element-677e3a1\" data-id=\"677e3a1\" data-element_type=\"column\">\n\t\t\t<div class=\"elementor-column-wrap elementor-element-populated\">\n\t\t\t\t\t\t\t<div class=\"elementor-widget-wrap\">\n\t\t\t\t\t\t<div class=\"elementor-element elementor-element-3557733 elementor-widget elementor-widget-spacer\" data-id=\"3557733\" data-element_type=\"widget\" data-widget_type=\"spacer.default\">\n\t\t\t\t<div class=\"elementor-widget-container\">\n\t\t\t\t\t<div class=\"elementor-spacer\">\n\t\t\t<div class=\"elementor-spacer-inner\"><\/div>\n\t\t<\/div>\n\t\t\t\t<\/div>\n\t\t\t\t<\/div>\n\t\t\t\t\t\t<\/div>\n\t\t\t\t\t<\/div>\n\t\t<\/div>\n\t\t\t\t\t\t\t\t<\/div>\n\t\t\t\t\t<\/div>\n\t\t<\/section>\n\t\t\t\t<section class=\"elementor-section elementor-top-section elementor-element elementor-element-8efa3d8 animated-slow elementor-section-boxed elementor-section-height-default elementor-section-height-default elementor-invisible\" data-id=\"8efa3d8\" data-element_type=\"section\" data-settings=\"{&quot;animation&quot;:&quot;fadeIn&quot;}\">\n\t\t\t\t\t\t<div class=\"elementor-container elementor-column-gap-default\">\n\t\t\t\t\t\t\t<div class=\"elementor-row\">\n\t\t\t\t\t<div class=\"elementor-column elementor-col-100 elementor-top-column elementor-element elementor-element-5ad7c15 animated-slow elementor-invisible\" data-id=\"5ad7c15\" data-element_type=\"column\" data-settings=\"{&quot;animation&quot;:&quot;fadeIn&quot;}\">\n\t\t\t<div class=\"elementor-column-wrap elementor-element-populated\">\n\t\t\t\t\t\t\t<div class=\"elementor-widget-wrap\">\n\t\t\t\t\t\t<div class=\"elementor-element elementor-element-0cb68be elementor-widget elementor-widget-heading\" data-id=\"0cb68be\" data-element_type=\"widget\" data-widget_type=\"heading.default\">\n\t\t\t\t<div class=\"elementor-widget-container\">\n\t\t\t<h2 class=\"elementor-heading-title elementor-size-default\">Conseil, AMO et veille technologique<\/h2>\t\t<\/div>\n\t\t\t\t<\/div>\n\t\t\t\t\t\t<\/div>\n\t\t\t\t\t<\/div>\n\t\t<\/div>\n\t\t\t\t\t\t\t\t<\/div>\n\t\t\t\t\t<\/div>\n\t\t<\/section>\n\t\t\t\t<section class=\"elementor-section elementor-top-section elementor-element elementor-element-6fb3e498 animated-slow elementor-section-boxed elementor-section-height-default elementor-section-height-default elementor-invisible\" data-id=\"6fb3e498\" data-element_type=\"section\" data-settings=\"{&quot;animation&quot;:&quot;fadeIn&quot;}\">\n\t\t\t\t\t\t<div class=\"elementor-container elementor-column-gap-default\">\n\t\t\t\t\t\t\t<div class=\"elementor-row\">\n\t\t\t\t\t<div class=\"elementor-column elementor-col-100 elementor-top-column elementor-element elementor-element-1bc4b702 animated-slow elementor-invisible\" data-id=\"1bc4b702\" data-element_type=\"column\" data-settings=\"{&quot;animation&quot;:&quot;fadeIn&quot;}\">\n\t\t\t<div class=\"elementor-column-wrap elementor-element-populated\">\n\t\t\t\t\t\t\t<div class=\"elementor-widget-wrap\">\n\t\t\t\t\t\t<div class=\"elementor-element elementor-element-1118116f elementor-widget elementor-widget-text-editor\" data-id=\"1118116f\" data-element_type=\"widget\" data-widget_type=\"text-editor.default\">\n\t\t\t\t<div class=\"elementor-widget-container\">\n\t\t\t\t\t<div class=\"elementor-text-editor elementor-clearfix\"><p style=\"text-align: justify;\">Nous sommes \u00e0 votre \u00e9coute pour vous accompagner dans la r\u00e9solution de probl\u00e8me, l&rsquo;installation ou l&rsquo;\u00e9volution p\u00e9renne de votre infrastructure informatique et r\u00e9seau.<\/p><p style=\"text-align: justify;\">Notre \u00e9quipe exp\u00e9riment\u00e9e, vous apporte son analyse et ses conseils n\u00e9cessaires selon vos pr\u00e9occupations et objectifs, que ce soit dans le cadre d&rsquo;un audit, d&rsquo;une assistance \u00e0 ma\u00eetrise d&rsquo;ouvrage ou au quotidien dans la d\u00e9couverte des innovations informatiques adapt\u00e9es qui peuvent vous \u00eatre utiles.<\/p><p style=\"text-align: justify;\">Nous sommes aussi particuli\u00e8rement reconnus pour vous aider \u00e0 anticiper les divers risques (pannes, cyberattaque, sinistres&#8230;) mais surtout en minimiser les cons\u00e9quences lorsqu&rsquo;ils interviennent.<\/p><p style=\"text-align: justify;\">De m\u00eame, au del\u00e0 de nos domaines de comp\u00e9tences, nous pouvons vous mettre en relation avec de nombreux partenaires sp\u00e9cialis\u00e9s dans divers domaines comme le c\u00e2blage, BI, le CRM,\u00a0 la gestion, la Paye, des logiciels m\u00e9tiers &#8230;.<\/p><\/div>\n\t\t\t\t<\/div>\n\t\t\t\t<\/div>\n\t\t\t\t\t\t<\/div>\n\t\t\t\t\t<\/div>\n\t\t<\/div>\n\t\t\t\t\t\t\t\t<\/div>\n\t\t\t\t\t<\/div>\n\t\t<\/section>\n\t\t\t\t\t\t<\/div>\n\t\t\t\t\t\t<\/div>\n\t\t\t\t\t<\/div>\n\t\t","protected":false},"excerpt":{"rendered":"<p>Conseil, AMO et veille technologique Nous sommes \u00e0 votre \u00e9coute pour vous accompagner dans la r\u00e9solution de probl\u00e8me, l&rsquo;installation ou l&rsquo;\u00e9volution p\u00e9renne de votre infrastructure informatique et r\u00e9seau. Notre \u00e9quipe exp\u00e9riment\u00e9e, vous apporte son analyse et ses conseils n\u00e9cessaires selon vos pr\u00e9occupations et objectifs, que ce soit dans le cadre d&rsquo;un audit, d&rsquo;une assistance \u00e0 [&hellip;]<\/p>\n","protected":false},"author":1,"featured_media":2243,"parent":100,"menu_order":0,"comment_status":"closed","ping_status":"closed","template":"","meta":[],"yoast_head":"<!-- This site is optimized with the Yoast SEO plugin v18.4.1 - https:\/\/yoast.com\/wordpress\/plugins\/seo\/ -->\n<title>Audit &amp; Conseil - EXEC<\/title>\n<meta name=\"robots\" content=\"index, follow, max-snippet:-1, max-image-preview:large, max-video-preview:-1\" \/>\n<link rel=\"canonical\" href=\"https:\/\/exec.fr\/?page_id=18\" \/>\n<meta property=\"og:locale\" content=\"fr_FR\" \/>\n<meta property=\"og:type\" content=\"article\" \/>\n<meta property=\"og:title\" content=\"Audit &amp; Conseil - EXEC\" \/>\n<meta property=\"og:description\" content=\"Conseil, AMO et veille technologique Nous sommes \u00e0 votre \u00e9coute pour vous accompagner dans la r\u00e9solution de probl\u00e8me, l&rsquo;installation ou l&rsquo;\u00e9volution p\u00e9renne de votre infrastructure informatique et r\u00e9seau. Notre \u00e9quipe exp\u00e9riment\u00e9e, vous apporte son analyse et ses conseils n\u00e9cessaires selon vos pr\u00e9occupations et objectifs, que ce soit dans le cadre d&rsquo;un audit, d&rsquo;une assistance \u00e0 [&hellip;]\" \/>\n<meta property=\"og:url\" content=\"https:\/\/exec.fr\/?page_id=18\" \/>\n<meta property=\"og:site_name\" content=\"EXEC\" \/>\n<meta property=\"article:modified_time\" content=\"2018-11-29T17:23:15+00:00\" \/>\n<meta property=\"og:image\" content=\"https:\/\/exec.fr\/wp-content\/uploads\/2018\/11\/Icr_Chess.png\" \/>\n\t<meta property=\"og:image:width\" content=\"512\" \/>\n\t<meta property=\"og:image:height\" content=\"512\" \/>\n\t<meta property=\"og:image:type\" content=\"image\/png\" \/>\n<meta name=\"twitter:card\" content=\"summary_large_image\" \/>\n<meta name=\"twitter:label1\" content=\"Dur\u00e9e de lecture estim\u00e9e\" \/>\n\t<meta name=\"twitter:data1\" content=\"1 minute\" \/>\n<script type=\"application\/ld+json\" class=\"yoast-schema-graph\">{\"@context\":\"https:\/\/schema.org\",\"@graph\":[{\"@type\":\"Organization\",\"@id\":\"https:\/\/exec.fr\/#organization\",\"name\":\"EXEC\",\"url\":\"https:\/\/exec.fr\/\",\"sameAs\":[],\"logo\":{\"@type\":\"ImageObject\",\"@id\":\"https:\/\/exec.fr\/#logo\",\"inLanguage\":\"fr-FR\",\"url\":\"https:\/\/exec.fr\/wp-content\/uploads\/2018\/03\/execlogo.png\",\"contentUrl\":\"https:\/\/exec.fr\/wp-content\/uploads\/2018\/03\/execlogo.png\",\"width\":315,\"height\":222,\"caption\":\"EXEC\"},\"image\":{\"@id\":\"https:\/\/exec.fr\/#logo\"}},{\"@type\":\"WebSite\",\"@id\":\"https:\/\/exec.fr\/#website\",\"url\":\"https:\/\/exec.fr\/\",\"name\":\"EXEC\",\"description\":\"ESN informatique d&#039;Aquitaine qui accompagne ses entreprises clientes sur l&#039;audit, conseil, installation, assistance\/maintenance\",\"publisher\":{\"@id\":\"https:\/\/exec.fr\/#organization\"},\"potentialAction\":[{\"@type\":\"SearchAction\",\"target\":{\"@type\":\"EntryPoint\",\"urlTemplate\":\"https:\/\/exec.fr\/?s={search_term_string}\"},\"query-input\":\"required name=search_term_string\"}],\"inLanguage\":\"fr-FR\"},{\"@type\":\"ImageObject\",\"@id\":\"https:\/\/exec.fr\/?page_id=18#primaryimage\",\"inLanguage\":\"fr-FR\",\"url\":\"https:\/\/exec.fr\/wp-content\/uploads\/2018\/11\/Icr_Chess.png\",\"contentUrl\":\"https:\/\/exec.fr\/wp-content\/uploads\/2018\/11\/Icr_Chess.png\",\"width\":512,\"height\":512},{\"@type\":\"WebPage\",\"@id\":\"https:\/\/exec.fr\/?page_id=18#webpage\",\"url\":\"https:\/\/exec.fr\/?page_id=18\",\"name\":\"Audit & Conseil - EXEC\",\"isPartOf\":{\"@id\":\"https:\/\/exec.fr\/#website\"},\"primaryImageOfPage\":{\"@id\":\"https:\/\/exec.fr\/?page_id=18#primaryimage\"},\"datePublished\":\"2018-03-22T14:36:45+00:00\",\"dateModified\":\"2018-11-29T17:23:15+00:00\",\"breadcrumb\":{\"@id\":\"https:\/\/exec.fr\/?page_id=18#breadcrumb\"},\"inLanguage\":\"fr-FR\",\"potentialAction\":[{\"@type\":\"ReadAction\",\"target\":[\"https:\/\/exec.fr\/?page_id=18\"]}]},{\"@type\":\"BreadcrumbList\",\"@id\":\"https:\/\/exec.fr\/?page_id=18#breadcrumb\",\"itemListElement\":[{\"@type\":\"ListItem\",\"position\":1,\"name\":\"Accueil\",\"item\":\"https:\/\/exec.fr\/\"},{\"@type\":\"ListItem\",\"position\":2,\"name\":\"Services\",\"item\":\"https:\/\/exec.fr\/?page_id=100\"},{\"@type\":\"ListItem\",\"position\":3,\"name\":\"Audit &#038; Conseil\"}]}]}<\/script>\n<!-- \/ Yoast SEO plugin. -->","yoast_head_json":{"title":"Audit & Conseil - EXEC","robots":{"index":"index","follow":"follow","max-snippet":"max-snippet:-1","max-image-preview":"max-image-preview:large","max-video-preview":"max-video-preview:-1"},"canonical":"https:\/\/exec.fr\/?page_id=18","og_locale":"fr_FR","og_type":"article","og_title":"Audit & Conseil - EXEC","og_description":"Conseil, AMO et veille technologique Nous sommes \u00e0 votre \u00e9coute pour vous accompagner dans la r\u00e9solution de probl\u00e8me, l&rsquo;installation ou l&rsquo;\u00e9volution p\u00e9renne de votre infrastructure informatique et r\u00e9seau. Notre \u00e9quipe exp\u00e9riment\u00e9e, vous apporte son analyse et ses conseils n\u00e9cessaires selon vos pr\u00e9occupations et objectifs, que ce soit dans le cadre d&rsquo;un audit, d&rsquo;une assistance \u00e0 [&hellip;]","og_url":"https:\/\/exec.fr\/?page_id=18","og_site_name":"EXEC","article_modified_time":"2018-11-29T17:23:15+00:00","og_image":[{"width":512,"height":512,"url":"https:\/\/exec.fr\/wp-content\/uploads\/2018\/11\/Icr_Chess.png","type":"image\/png"}],"twitter_card":"summary_large_image","twitter_misc":{"Dur\u00e9e de lecture estim\u00e9e":"1 minute"},"schema":{"@context":"https:\/\/schema.org","@graph":[{"@type":"Organization","@id":"https:\/\/exec.fr\/#organization","name":"EXEC","url":"https:\/\/exec.fr\/","sameAs":[],"logo":{"@type":"ImageObject","@id":"https:\/\/exec.fr\/#logo","inLanguage":"fr-FR","url":"https:\/\/exec.fr\/wp-content\/uploads\/2018\/03\/execlogo.png","contentUrl":"https:\/\/exec.fr\/wp-content\/uploads\/2018\/03\/execlogo.png","width":315,"height":222,"caption":"EXEC"},"image":{"@id":"https:\/\/exec.fr\/#logo"}},{"@type":"WebSite","@id":"https:\/\/exec.fr\/#website","url":"https:\/\/exec.fr\/","name":"EXEC","description":"ESN informatique d&#039;Aquitaine qui accompagne ses entreprises clientes sur l&#039;audit, conseil, installation, assistance\/maintenance","publisher":{"@id":"https:\/\/exec.fr\/#organization"},"potentialAction":[{"@type":"SearchAction","target":{"@type":"EntryPoint","urlTemplate":"https:\/\/exec.fr\/?s={search_term_string}"},"query-input":"required name=search_term_string"}],"inLanguage":"fr-FR"},{"@type":"ImageObject","@id":"https:\/\/exec.fr\/?page_id=18#primaryimage","inLanguage":"fr-FR","url":"https:\/\/exec.fr\/wp-content\/uploads\/2018\/11\/Icr_Chess.png","contentUrl":"https:\/\/exec.fr\/wp-content\/uploads\/2018\/11\/Icr_Chess.png","width":512,"height":512},{"@type":"WebPage","@id":"https:\/\/exec.fr\/?page_id=18#webpage","url":"https:\/\/exec.fr\/?page_id=18","name":"Audit & Conseil - EXEC","isPartOf":{"@id":"https:\/\/exec.fr\/#website"},"primaryImageOfPage":{"@id":"https:\/\/exec.fr\/?page_id=18#primaryimage"},"datePublished":"2018-03-22T14:36:45+00:00","dateModified":"2018-11-29T17:23:15+00:00","breadcrumb":{"@id":"https:\/\/exec.fr\/?page_id=18#breadcrumb"},"inLanguage":"fr-FR","potentialAction":[{"@type":"ReadAction","target":["https:\/\/exec.fr\/?page_id=18"]}]},{"@type":"BreadcrumbList","@id":"https:\/\/exec.fr\/?page_id=18#breadcrumb","itemListElement":[{"@type":"ListItem","position":1,"name":"Accueil","item":"https:\/\/exec.fr\/"},{"@type":"ListItem","position":2,"name":"Services","item":"https:\/\/exec.fr\/?page_id=100"},{"@type":"ListItem","position":3,"name":"Audit &#038; Conseil"}]}]}},"_links":{"self":[{"href":"https:\/\/exec.fr\/index.php?rest_route=\/wp\/v2\/pages\/18"}],"collection":[{"href":"https:\/\/exec.fr\/index.php?rest_route=\/wp\/v2\/pages"}],"about":[{"href":"https:\/\/exec.fr\/index.php?rest_route=\/wp\/v2\/types\/page"}],"author":[{"embeddable":true,"href":"https:\/\/exec.fr\/index.php?rest_route=\/wp\/v2\/users\/1"}],"replies":[{"embeddable":true,"href":"https:\/\/exec.fr\/index.php?rest_route=%2Fwp%2Fv2%2Fcomments&post=18"}],"version-history":[{"count":40,"href":"https:\/\/exec.fr\/index.php?rest_route=\/wp\/v2\/pages\/18\/revisions"}],"predecessor-version":[{"id":2477,"href":"https:\/\/exec.fr\/index.php?rest_route=\/wp\/v2\/pages\/18\/revisions\/2477"}],"up":[{"embeddable":true,"href":"https:\/\/exec.fr\/index.php?rest_route=\/wp\/v2\/pages\/100"}],"wp:featuredmedia":[{"embeddable":true,"href":"https:\/\/exec.fr\/index.php?rest_route=\/wp\/v2\/media\/2243"}],"wp:attachment":[{"href":"https:\/\/exec.fr\/index.php?rest_route=%2Fwp%2Fv2%2Fmedia&parent=18"}],"curies":[{"name":"wp","href":"https:\/\/api.w.org\/{rel}","templated":true}]}}