{"id":3435,"date":"2026-04-22T17:47:37","date_gmt":"2026-04-22T15:47:37","guid":{"rendered":"https:\/\/exec.fr\/?page_id=3435"},"modified":"2026-04-22T19:10:16","modified_gmt":"2026-04-22T17:10:16","slug":"salle-de-visioconference","status":"publish","type":"page","link":"https:\/\/exec.fr\/?page_id=3435","title":{"rendered":"Salle de Visioconf\u00e9rence"},"content":{"rendered":"\t\t<div data-elementor-type=\"wp-page\" data-elementor-id=\"3435\" class=\"elementor elementor-3435\" data-elementor-settings=\"[]\">\n\t\t\t\t\t\t<div class=\"elementor-inner\">\n\t\t\t\t\t\t\t<div class=\"elementor-section-wrap\">\n\t\t\t\t\t\t\t<section class=\"elementor-section elementor-top-section elementor-element elementor-element-aa635db elementor-section-boxed elementor-section-height-default elementor-section-height-default\" data-id=\"aa635db\" data-element_type=\"section\">\n\t\t\t\t\t\t<div class=\"elementor-container elementor-column-gap-default\">\n\t\t\t\t\t\t\t<div class=\"elementor-row\">\n\t\t\t\t\t<div class=\"elementor-column elementor-col-100 elementor-top-column elementor-element elementor-element-6937237a\" data-id=\"6937237a\" data-element_type=\"column\">\n\t\t\t<div class=\"elementor-column-wrap elementor-element-populated\">\n\t\t\t\t\t\t\t<div class=\"elementor-widget-wrap\">\n\t\t\t\t\t\t<div class=\"elementor-element elementor-element-6bfaaa8 elementor-widget elementor-widget-image\" data-id=\"6bfaaa8\" data-element_type=\"widget\" data-widget_type=\"image.default\">\n\t\t\t\t<div class=\"elementor-widget-container\">\n\t\t\t\t\t<div class=\"elementor-image\">\n\t\t\t\t\t\t\t\t\t\t<img width=\"1024\" height=\"612\" src=\"https:\/\/exec.fr\/wp-content\/uploads\/2026\/04\/1748239402914047830-1024x612.png\" class=\"attachment-large size-large\" alt=\"Exemple salle visio moyenne\" loading=\"lazy\" srcset=\"https:\/\/exec.fr\/wp-content\/uploads\/2026\/04\/1748239402914047830-1024x612.png 1024w, https:\/\/exec.fr\/wp-content\/uploads\/2026\/04\/1748239402914047830-300x179.png 300w, https:\/\/exec.fr\/wp-content\/uploads\/2026\/04\/1748239402914047830-768x459.png 768w, https:\/\/exec.fr\/wp-content\/uploads\/2026\/04\/1748239402914047830-570x341.png 570w, https:\/\/exec.fr\/wp-content\/uploads\/2026\/04\/1748239402914047830.png 1166w\" sizes=\"(max-width: 1024px) 100vw, 1024px\" \/>\t\t\t\t\t\t\t\t\t\t\t<\/div>\n\t\t\t\t<\/div>\n\t\t\t\t<\/div>\n\t\t\t\t<div class=\"elementor-element elementor-element-67b509a4 elementor-widget elementor-widget-text-editor\" data-id=\"67b509a4\" data-element_type=\"widget\" data-widget_type=\"text-editor.default\">\n\t\t\t\t<div class=\"elementor-widget-container\">\n\t\t\t\t\t<div class=\"elementor-text-editor elementor-clearfix\"><p>EXEC intervient de bout en bout pour transformer vos espaces en salles visio optimis\u00e9es.<\/p><ul><li>D\u00e9finition du champ de vision cam\u00e9ra selon la g\u00e9om\u00e9trie de la pi\u00e8ce<\/li><li>Dimensionnement audio (microphones, barres de son, DSP)<\/li><li>Choix des \u00e9crans et supports selon la distance \u0153il\u2011\u00e9cran<\/li><li>Int\u00e9gration r\u00e9seau, c\u00e2blage (sous trait\u00e9) en tenant de la compatibilit\u00e9 attendue avec vos outils et ceux de vos partenaires (Teams, Zoom, Meet\u2026)<\/li><\/ul><p>Nous assurons ensuite l\u2019installation, la configuration et l&rsquo;accompagnement utilisateur pour un usage simple.<\/p><p><b>Objectif <\/b>: une salle (\u00e7a peut \u00eatre des corner pour 2 \u00e0 4 personnes) toujours pr\u00eate \u00e0 l\u2019emploi, intuitive, fiable et parfaitement int\u00e9gr\u00e9e \u00e0 votre environnement num\u00e9rique. Vous gagnez en confort, en efficacit\u00e9 et en qualit\u00e9 de communication.<\/p><\/div>\n\t\t\t\t<\/div>\n\t\t\t\t<\/div>\n\t\t\t\t\t\t<\/div>\n\t\t\t\t\t<\/div>\n\t\t<\/div>\n\t\t\t\t\t\t\t\t<\/div>\n\t\t\t\t\t<\/div>\n\t\t<\/section>\n\t\t\t\t\t\t<\/div>\n\t\t\t\t\t\t<\/div>\n\t\t\t\t\t<\/div>\n\t\t","protected":false},"excerpt":{"rendered":"<p>EXEC intervient de bout en bout pour transformer vos espaces en salles visio optimis\u00e9es. D\u00e9finition du champ de vision cam\u00e9ra selon la g\u00e9om\u00e9trie de la pi\u00e8ce Dimensionnement audio (microphones, barres de son, DSP) Choix des \u00e9crans et supports selon la distance \u0153il\u2011\u00e9cran Int\u00e9gration r\u00e9seau, c\u00e2blage (sous trait\u00e9) en tenant de la compatibilit\u00e9 attendue avec vos [&hellip;]<\/p>\n","protected":false},"author":1,"featured_media":0,"parent":0,"menu_order":0,"comment_status":"closed","ping_status":"closed","template":"","meta":[],"yoast_head":"<!-- This site is optimized with the Yoast SEO plugin v18.4.1 - https:\/\/yoast.com\/wordpress\/plugins\/seo\/ -->\n<title>Salle de Visioconf\u00e9rence - EXEC<\/title>\n<meta name=\"robots\" content=\"index, follow, max-snippet:-1, max-image-preview:large, max-video-preview:-1\" \/>\n<link rel=\"canonical\" href=\"https:\/\/exec.fr\/?page_id=3435\" \/>\n<meta property=\"og:locale\" content=\"fr_FR\" \/>\n<meta property=\"og:type\" content=\"article\" \/>\n<meta property=\"og:title\" content=\"Salle de Visioconf\u00e9rence - EXEC\" \/>\n<meta property=\"og:description\" content=\"EXEC intervient de bout en bout pour transformer vos espaces en salles visio optimis\u00e9es. D\u00e9finition du champ de vision cam\u00e9ra selon la g\u00e9om\u00e9trie de la pi\u00e8ce Dimensionnement audio (microphones, barres de son, DSP) Choix des \u00e9crans et supports selon la distance \u0153il\u2011\u00e9cran Int\u00e9gration r\u00e9seau, c\u00e2blage (sous trait\u00e9) en tenant de la compatibilit\u00e9 attendue avec vos [&hellip;]\" \/>\n<meta property=\"og:url\" content=\"https:\/\/exec.fr\/?page_id=3435\" \/>\n<meta property=\"og:site_name\" content=\"EXEC\" \/>\n<meta property=\"article:modified_time\" content=\"2026-04-22T17:10:16+00:00\" \/>\n<meta property=\"og:image\" content=\"https:\/\/exec.fr\/wp-content\/uploads\/2026\/04\/1748239402914047830-1024x612.png\" \/>\n<meta name=\"twitter:card\" content=\"summary_large_image\" \/>\n<meta name=\"twitter:label1\" content=\"Dur\u00e9e de lecture estim\u00e9e\" \/>\n\t<meta name=\"twitter:data1\" content=\"1 minute\" \/>\n<script type=\"application\/ld+json\" class=\"yoast-schema-graph\">{\"@context\":\"https:\/\/schema.org\",\"@graph\":[{\"@type\":\"Organization\",\"@id\":\"https:\/\/exec.fr\/#organization\",\"name\":\"EXEC\",\"url\":\"https:\/\/exec.fr\/\",\"sameAs\":[],\"logo\":{\"@type\":\"ImageObject\",\"@id\":\"https:\/\/exec.fr\/#logo\",\"inLanguage\":\"fr-FR\",\"url\":\"https:\/\/exec.fr\/wp-content\/uploads\/2018\/03\/execlogo.png\",\"contentUrl\":\"https:\/\/exec.fr\/wp-content\/uploads\/2018\/03\/execlogo.png\",\"width\":315,\"height\":222,\"caption\":\"EXEC\"},\"image\":{\"@id\":\"https:\/\/exec.fr\/#logo\"}},{\"@type\":\"WebSite\",\"@id\":\"https:\/\/exec.fr\/#website\",\"url\":\"https:\/\/exec.fr\/\",\"name\":\"EXEC\",\"description\":\"ESN informatique d&#039;Aquitaine qui accompagne ses entreprises clientes sur l&#039;audit, conseil, installation, assistance\/maintenance\",\"publisher\":{\"@id\":\"https:\/\/exec.fr\/#organization\"},\"potentialAction\":[{\"@type\":\"SearchAction\",\"target\":{\"@type\":\"EntryPoint\",\"urlTemplate\":\"https:\/\/exec.fr\/?s={search_term_string}\"},\"query-input\":\"required name=search_term_string\"}],\"inLanguage\":\"fr-FR\"},{\"@type\":\"ImageObject\",\"@id\":\"https:\/\/exec.fr\/?page_id=3435#primaryimage\",\"inLanguage\":\"fr-FR\",\"url\":\"https:\/\/exec.fr\/wp-content\/uploads\/2026\/04\/1748239402914047830.png\",\"contentUrl\":\"https:\/\/exec.fr\/wp-content\/uploads\/2026\/04\/1748239402914047830.png\",\"width\":1166,\"height\":697,\"caption\":\"Exemple salle visio moyenne\"},{\"@type\":\"WebPage\",\"@id\":\"https:\/\/exec.fr\/?page_id=3435#webpage\",\"url\":\"https:\/\/exec.fr\/?page_id=3435\",\"name\":\"Salle de Visioconf\u00e9rence - EXEC\",\"isPartOf\":{\"@id\":\"https:\/\/exec.fr\/#website\"},\"primaryImageOfPage\":{\"@id\":\"https:\/\/exec.fr\/?page_id=3435#primaryimage\"},\"datePublished\":\"2026-04-22T15:47:37+00:00\",\"dateModified\":\"2026-04-22T17:10:16+00:00\",\"breadcrumb\":{\"@id\":\"https:\/\/exec.fr\/?page_id=3435#breadcrumb\"},\"inLanguage\":\"fr-FR\",\"potentialAction\":[{\"@type\":\"ReadAction\",\"target\":[\"https:\/\/exec.fr\/?page_id=3435\"]}]},{\"@type\":\"BreadcrumbList\",\"@id\":\"https:\/\/exec.fr\/?page_id=3435#breadcrumb\",\"itemListElement\":[{\"@type\":\"ListItem\",\"position\":1,\"name\":\"Accueil\",\"item\":\"https:\/\/exec.fr\/\"},{\"@type\":\"ListItem\",\"position\":2,\"name\":\"Salle de Visioconf\u00e9rence\"}]}]}<\/script>\n<!-- \/ Yoast SEO plugin. -->","yoast_head_json":{"title":"Salle de Visioconf\u00e9rence - EXEC","robots":{"index":"index","follow":"follow","max-snippet":"max-snippet:-1","max-image-preview":"max-image-preview:large","max-video-preview":"max-video-preview:-1"},"canonical":"https:\/\/exec.fr\/?page_id=3435","og_locale":"fr_FR","og_type":"article","og_title":"Salle de Visioconf\u00e9rence - EXEC","og_description":"EXEC intervient de bout en bout pour transformer vos espaces en salles visio optimis\u00e9es. D\u00e9finition du champ de vision cam\u00e9ra selon la g\u00e9om\u00e9trie de la pi\u00e8ce Dimensionnement audio (microphones, barres de son, DSP) Choix des \u00e9crans et supports selon la distance \u0153il\u2011\u00e9cran Int\u00e9gration r\u00e9seau, c\u00e2blage (sous trait\u00e9) en tenant de la compatibilit\u00e9 attendue avec vos [&hellip;]","og_url":"https:\/\/exec.fr\/?page_id=3435","og_site_name":"EXEC","article_modified_time":"2026-04-22T17:10:16+00:00","og_image":[{"url":"https:\/\/exec.fr\/wp-content\/uploads\/2026\/04\/1748239402914047830-1024x612.png"}],"twitter_card":"summary_large_image","twitter_misc":{"Dur\u00e9e de lecture estim\u00e9e":"1 minute"},"schema":{"@context":"https:\/\/schema.org","@graph":[{"@type":"Organization","@id":"https:\/\/exec.fr\/#organization","name":"EXEC","url":"https:\/\/exec.fr\/","sameAs":[],"logo":{"@type":"ImageObject","@id":"https:\/\/exec.fr\/#logo","inLanguage":"fr-FR","url":"https:\/\/exec.fr\/wp-content\/uploads\/2018\/03\/execlogo.png","contentUrl":"https:\/\/exec.fr\/wp-content\/uploads\/2018\/03\/execlogo.png","width":315,"height":222,"caption":"EXEC"},"image":{"@id":"https:\/\/exec.fr\/#logo"}},{"@type":"WebSite","@id":"https:\/\/exec.fr\/#website","url":"https:\/\/exec.fr\/","name":"EXEC","description":"ESN informatique d&#039;Aquitaine qui accompagne ses entreprises clientes sur l&#039;audit, conseil, installation, assistance\/maintenance","publisher":{"@id":"https:\/\/exec.fr\/#organization"},"potentialAction":[{"@type":"SearchAction","target":{"@type":"EntryPoint","urlTemplate":"https:\/\/exec.fr\/?s={search_term_string}"},"query-input":"required name=search_term_string"}],"inLanguage":"fr-FR"},{"@type":"ImageObject","@id":"https:\/\/exec.fr\/?page_id=3435#primaryimage","inLanguage":"fr-FR","url":"https:\/\/exec.fr\/wp-content\/uploads\/2026\/04\/1748239402914047830.png","contentUrl":"https:\/\/exec.fr\/wp-content\/uploads\/2026\/04\/1748239402914047830.png","width":1166,"height":697,"caption":"Exemple salle visio moyenne"},{"@type":"WebPage","@id":"https:\/\/exec.fr\/?page_id=3435#webpage","url":"https:\/\/exec.fr\/?page_id=3435","name":"Salle de Visioconf\u00e9rence - EXEC","isPartOf":{"@id":"https:\/\/exec.fr\/#website"},"primaryImageOfPage":{"@id":"https:\/\/exec.fr\/?page_id=3435#primaryimage"},"datePublished":"2026-04-22T15:47:37+00:00","dateModified":"2026-04-22T17:10:16+00:00","breadcrumb":{"@id":"https:\/\/exec.fr\/?page_id=3435#breadcrumb"},"inLanguage":"fr-FR","potentialAction":[{"@type":"ReadAction","target":["https:\/\/exec.fr\/?page_id=3435"]}]},{"@type":"BreadcrumbList","@id":"https:\/\/exec.fr\/?page_id=3435#breadcrumb","itemListElement":[{"@type":"ListItem","position":1,"name":"Accueil","item":"https:\/\/exec.fr\/"},{"@type":"ListItem","position":2,"name":"Salle de Visioconf\u00e9rence"}]}]}},"_links":{"self":[{"href":"https:\/\/exec.fr\/index.php?rest_route=\/wp\/v2\/pages\/3435"}],"collection":[{"href":"https:\/\/exec.fr\/index.php?rest_route=\/wp\/v2\/pages"}],"about":[{"href":"https:\/\/exec.fr\/index.php?rest_route=\/wp\/v2\/types\/page"}],"author":[{"embeddable":true,"href":"https:\/\/exec.fr\/index.php?rest_route=\/wp\/v2\/users\/1"}],"replies":[{"embeddable":true,"href":"https:\/\/exec.fr\/index.php?rest_route=%2Fwp%2Fv2%2Fcomments&post=3435"}],"version-history":[{"count":11,"href":"https:\/\/exec.fr\/index.php?rest_route=\/wp\/v2\/pages\/3435\/revisions"}],"predecessor-version":[{"id":3456,"href":"https:\/\/exec.fr\/index.php?rest_route=\/wp\/v2\/pages\/3435\/revisions\/3456"}],"wp:attachment":[{"href":"https:\/\/exec.fr\/index.php?rest_route=%2Fwp%2Fv2%2Fmedia&parent=3435"}],"curies":[{"name":"wp","href":"https:\/\/api.w.org\/{rel}","templated":true}]}}