{"id":70,"date":"2018-03-22T18:32:00","date_gmt":"2018-03-22T17:32:00","guid":{"rendered":"http:\/\/exec.fr\/wp\/?page_id=70"},"modified":"2026-04-22T19:04:59","modified_gmt":"2026-04-22T17:04:59","slug":"assistance-et-infogerance","status":"publish","type":"page","link":"https:\/\/exec.fr\/?page_id=70","title":{"rendered":"Assistance et Infog\u00e9rance"},"content":{"rendered":"\t\t<div data-elementor-type=\"wp-post\" data-elementor-id=\"70\" class=\"elementor elementor-70\" data-elementor-settings=\"[]\">\n\t\t\t\t\t\t<div class=\"elementor-inner\">\n\t\t\t\t\t\t\t<div class=\"elementor-section-wrap\">\n\t\t\t\t\t\t\t<section class=\"elementor-section elementor-top-section elementor-element elementor-element-d8e9afe animated-slow elementor-section-boxed elementor-section-height-default elementor-section-height-default elementor-invisible\" data-id=\"d8e9afe\" data-element_type=\"section\" data-settings=\"{&quot;animation&quot;:&quot;fadeIn&quot;}\">\n\t\t\t\t\t\t<div class=\"elementor-container elementor-column-gap-default\">\n\t\t\t\t\t\t\t<div class=\"elementor-row\">\n\t\t\t\t\t<div class=\"elementor-column elementor-col-100 elementor-top-column elementor-element elementor-element-32928f9 animated-slow elementor-invisible\" data-id=\"32928f9\" data-element_type=\"column\" data-settings=\"{&quot;animation&quot;:&quot;fadeIn&quot;}\">\n\t\t\t<div class=\"elementor-column-wrap elementor-element-populated\">\n\t\t\t\t\t\t\t<div class=\"elementor-widget-wrap\">\n\t\t\t\t\t\t<div class=\"elementor-element elementor-element-2e36706 elementor-widget elementor-widget-image\" data-id=\"2e36706\" data-element_type=\"widget\" data-widget_type=\"image.default\">\n\t\t\t\t<div class=\"elementor-widget-container\">\n\t\t\t\t\t<div class=\"elementor-image\">\n\t\t\t\t\t\t\t\t\t\t<img src=\"https:\/\/exec.fr\/wp-content\/uploads\/elementor\/thumbs\/BAN_ServEXEC-rlq1wfnxf9x1g746u0m40fuv6j78lj646r9cewp8s8.jpg\" title=\"BAN_ServEXEC\" alt=\"BAN_ServEXEC\" \/>\t\t\t\t\t\t\t\t\t\t\t<\/div>\n\t\t\t\t<\/div>\n\t\t\t\t<\/div>\n\t\t\t\t\t\t<\/div>\n\t\t\t\t\t<\/div>\n\t\t<\/div>\n\t\t\t\t\t\t\t\t<\/div>\n\t\t\t\t\t<\/div>\n\t\t<\/section>\n\t\t\t\t<section class=\"elementor-section elementor-top-section elementor-element elementor-element-e8051ab elementor-section-boxed elementor-section-height-default elementor-section-height-default\" data-id=\"e8051ab\" data-element_type=\"section\">\n\t\t\t\t\t\t<div class=\"elementor-container elementor-column-gap-default\">\n\t\t\t\t\t\t\t<div class=\"elementor-row\">\n\t\t\t\t\t<div class=\"elementor-column elementor-col-100 elementor-top-column elementor-element elementor-element-acc68fa\" data-id=\"acc68fa\" data-element_type=\"column\">\n\t\t\t<div class=\"elementor-column-wrap elementor-element-populated\">\n\t\t\t\t\t\t\t<div class=\"elementor-widget-wrap\">\n\t\t\t\t\t\t<div class=\"elementor-element elementor-element-a5198f0 elementor-widget elementor-widget-heading\" data-id=\"a5198f0\" data-element_type=\"widget\" data-widget_type=\"heading.default\">\n\t\t\t\t<div class=\"elementor-widget-container\">\n\t\t\t<h2 class=\"elementor-heading-title elementor-size-default\">Contrat adapt\u00e9 \u00e0 votre structure et \u00e0 votre besoin<\/h2>\t\t<\/div>\n\t\t\t\t<\/div>\n\t\t\t\t<div class=\"elementor-element elementor-element-f5fde46 elementor-widget elementor-widget-text-editor\" data-id=\"f5fde46\" data-element_type=\"widget\" data-widget_type=\"text-editor.default\">\n\t\t\t\t<div class=\"elementor-widget-container\">\n\t\t\t\t\t<div class=\"elementor-text-editor elementor-clearfix\"><p>Que ce soit pour une TPE\/PME o\u00f9 nous sommes le service informatique externalis\u00e9 de la soci\u00e9t\u00e9 en infog\u00e9rance \u00e0 la plus grande soci\u00e9t\u00e9 qui souhaite une pr\u00e9sence r\u00e9guli\u00e8re\u00a0(temps partag\u00e9, r\u00e9gie &#8230;)\u00a0d&rsquo;un informaticien\/DSI sur des sites r\u00e9gionaux en passant par des soci\u00e9t\u00e9s qui souhaitent avoir des interventions d&rsquo;ing\u00e9nierie ponctuelles\u00a0 sur des sujets pr\u00e9cis ou des comp\u00e9tences sp\u00e9cifiques au gr\u00e9 de leur besoin : nous avons la r\u00e9ponse adapt\u00e9e.\u00a0\u00a0<\/p><\/div>\n\t\t\t\t<\/div>\n\t\t\t\t<\/div>\n\t\t\t\t\t\t<\/div>\n\t\t\t\t\t<\/div>\n\t\t<\/div>\n\t\t\t\t\t\t\t\t<\/div>\n\t\t\t\t\t<\/div>\n\t\t<\/section>\n\t\t\t\t<section class=\"elementor-section elementor-top-section elementor-element elementor-element-733f0be animated-slow elementor-section-boxed elementor-section-height-default elementor-section-height-default elementor-invisible\" data-id=\"733f0be\" data-element_type=\"section\" data-settings=\"{&quot;animation&quot;:&quot;fadeIn&quot;}\">\n\t\t\t\t\t\t<div class=\"elementor-container elementor-column-gap-default\">\n\t\t\t\t\t\t\t<div class=\"elementor-row\">\n\t\t\t\t\t<div class=\"elementor-column elementor-col-100 elementor-top-column elementor-element elementor-element-ae21da5 animated-slow elementor-invisible\" data-id=\"ae21da5\" data-element_type=\"column\" data-settings=\"{&quot;animation&quot;:&quot;fadeIn&quot;}\">\n\t\t\t<div class=\"elementor-column-wrap elementor-element-populated\">\n\t\t\t\t\t\t\t<div class=\"elementor-widget-wrap\">\n\t\t\t\t\t\t<div class=\"elementor-element elementor-element-be00fb9 elementor-widget elementor-widget-heading\" data-id=\"be00fb9\" data-element_type=\"widget\" data-widget_type=\"heading.default\">\n\t\t\t\t<div class=\"elementor-widget-container\">\n\t\t\t<h2 class=\"elementor-heading-title elementor-size-default\">Fonctionnement : Assistance, interventions, \u00e9tudes, conseil ... <\/h2>\t\t<\/div>\n\t\t\t\t<\/div>\n\t\t\t\t\t\t<\/div>\n\t\t\t\t\t<\/div>\n\t\t<\/div>\n\t\t\t\t\t\t\t\t<\/div>\n\t\t\t\t\t<\/div>\n\t\t<\/section>\n\t\t\t\t<section class=\"elementor-section elementor-top-section elementor-element elementor-element-2d80d8f6 animated-slow elementor-section-boxed elementor-section-height-default elementor-section-height-default elementor-invisible\" data-id=\"2d80d8f6\" data-element_type=\"section\" data-settings=\"{&quot;animation&quot;:&quot;fadeIn&quot;}\">\n\t\t\t\t\t\t<div class=\"elementor-container elementor-column-gap-default\">\n\t\t\t\t\t\t\t<div class=\"elementor-row\">\n\t\t\t\t\t<div class=\"elementor-column elementor-col-100 elementor-top-column elementor-element elementor-element-63f7321d animated-slow elementor-invisible\" data-id=\"63f7321d\" data-element_type=\"column\" data-settings=\"{&quot;animation&quot;:&quot;fadeIn&quot;}\">\n\t\t\t<div class=\"elementor-column-wrap elementor-element-populated\">\n\t\t\t\t\t\t\t<div class=\"elementor-widget-wrap\">\n\t\t\t\t\t\t<div class=\"elementor-element elementor-element-4b2dd224 elementor-widget elementor-widget-text-editor\" data-id=\"4b2dd224\" data-element_type=\"widget\" data-widget_type=\"text-editor.default\">\n\t\t\t\t<div class=\"elementor-widget-container\">\n\t\t\t\t\t<div class=\"elementor-text-editor elementor-clearfix\"><p>Prise en charge partielle ou totale\u00a0 de vos solutions informatiques : r\u00e9seaux (c\u00e2blage, Wi-Fi, interconnexion de site, acc\u00e8s nomades, haute disponibilit\u00e9 Internet&#8230;), postes de travail, serveurs (h\u00e9berg\u00e9s ou sur site), gestion et supervision de vos ressources informatiques (mat\u00e9riels et logiciels), gestion de la cybers\u00e9curit\u00e9, travail collaboratif, rationalisation des moyens et coh\u00e9rence de vos syst\u00e8mes.<\/p><p>Accompagnement dans vos relations avec les diff\u00e9rents intervenants, int\u00e9grateurs, \u00e9diteurs logiciels, les fournisseurs d&rsquo;acc\u00e8s Internet.<\/p><\/div>\n\t\t\t\t<\/div>\n\t\t\t\t<\/div>\n\t\t\t\t\t\t<\/div>\n\t\t\t\t\t<\/div>\n\t\t<\/div>\n\t\t\t\t\t\t\t\t<\/div>\n\t\t\t\t\t<\/div>\n\t\t<\/section>\n\t\t\t\t<section class=\"elementor-section elementor-top-section elementor-element elementor-element-6d93ed6 animated-slow elementor-section-boxed elementor-section-height-default elementor-section-height-default elementor-invisible\" data-id=\"6d93ed6\" data-element_type=\"section\" data-settings=\"{&quot;animation&quot;:&quot;fadeIn&quot;}\">\n\t\t\t\t\t\t<div class=\"elementor-container elementor-column-gap-default\">\n\t\t\t\t\t\t\t<div class=\"elementor-row\">\n\t\t\t\t\t<div class=\"elementor-column elementor-col-100 elementor-top-column elementor-element elementor-element-57ce4fa animated-slow elementor-invisible\" data-id=\"57ce4fa\" data-element_type=\"column\" data-settings=\"{&quot;animation&quot;:&quot;fadeIn&quot;}\">\n\t\t\t<div class=\"elementor-column-wrap elementor-element-populated\">\n\t\t\t\t\t\t\t<div class=\"elementor-widget-wrap\">\n\t\t\t\t\t\t<div class=\"elementor-element elementor-element-58209b2 elementor-widget elementor-widget-heading\" data-id=\"58209b2\" data-element_type=\"widget\" data-widget_type=\"heading.default\">\n\t\t\t\t<div class=\"elementor-widget-container\">\n\t\t\t<h2 class=\"elementor-heading-title elementor-size-default\">Un fonctionnement personnalis\u00e9 et adapt\u00e9 <\/h2>\t\t<\/div>\n\t\t\t\t<\/div>\n\t\t\t\t\t\t<\/div>\n\t\t\t\t\t<\/div>\n\t\t<\/div>\n\t\t\t\t\t\t\t\t<\/div>\n\t\t\t\t\t<\/div>\n\t\t<\/section>\n\t\t\t\t<section class=\"elementor-section elementor-top-section elementor-element elementor-element-b896347 animated-slow elementor-section-boxed elementor-section-height-default elementor-section-height-default elementor-invisible\" data-id=\"b896347\" data-element_type=\"section\" data-settings=\"{&quot;animation&quot;:&quot;fadeIn&quot;}\">\n\t\t\t\t\t\t<div class=\"elementor-container elementor-column-gap-default\">\n\t\t\t\t\t\t\t<div class=\"elementor-row\">\n\t\t\t\t\t<div class=\"elementor-column elementor-col-100 elementor-top-column elementor-element elementor-element-faedcce animated-slow elementor-invisible\" data-id=\"faedcce\" data-element_type=\"column\" data-settings=\"{&quot;animation&quot;:&quot;fadeIn&quot;}\">\n\t\t\t<div class=\"elementor-column-wrap elementor-element-populated\">\n\t\t\t\t\t\t\t<div class=\"elementor-widget-wrap\">\n\t\t\t\t\t\t<div class=\"elementor-element elementor-element-00561ad elementor-widget elementor-widget-text-editor\" data-id=\"00561ad\" data-element_type=\"widget\" data-widget_type=\"text-editor.default\">\n\t\t\t\t<div class=\"elementor-widget-container\">\n\t\t\t\t\t<div class=\"elementor-text-editor elementor-clearfix\"><p>Nous vous accompagnons au quotidien, vous disposez d&rsquo;un interlocuteur technique r\u00e9f\u00e9rent.<\/p><p>Possibilit\u00e9 d&rsquo;intervention \u00e0 la demande ou sous contrat (annuel, trimestriel, horaire) adapt\u00e9 en fonction de vos besoins et de la structure de votre entreprise.<\/p><p>Des engagements de temps d&rsquo;intervention avec notion d&rsquo;urgence.<\/p><p>Vous disposez d\u2019un \u00ab espace client \u00bb sur notre intranet, pour le suivi des actions effectu\u00e9es au quotidien, des synth\u00e8ses sont r\u00e9alis\u00e9es chaque trimestre.<\/p><\/div>\n\t\t\t\t<\/div>\n\t\t\t\t<\/div>\n\t\t\t\t\t\t<\/div>\n\t\t\t\t\t<\/div>\n\t\t<\/div>\n\t\t\t\t\t\t\t\t<\/div>\n\t\t\t\t\t<\/div>\n\t\t<\/section>\n\t\t\t\t\t\t<\/div>\n\t\t\t\t\t\t<\/div>\n\t\t\t\t\t<\/div>\n\t\t","protected":false},"excerpt":{"rendered":"<p>Contrat adapt\u00e9 \u00e0 votre structure et \u00e0 votre besoin Que ce soit pour une TPE\/PME o\u00f9 nous sommes le service informatique externalis\u00e9 de la soci\u00e9t\u00e9 en infog\u00e9rance \u00e0 la plus grande soci\u00e9t\u00e9 qui souhaite une pr\u00e9sence r\u00e9guli\u00e8re\u00a0(temps partag\u00e9, r\u00e9gie &#8230;)\u00a0d&rsquo;un informaticien\/DSI sur des sites r\u00e9gionaux en passant par des soci\u00e9t\u00e9s qui souhaitent avoir des interventions [&hellip;]<\/p>\n","protected":false},"author":1,"featured_media":2300,"parent":100,"menu_order":1,"comment_status":"closed","ping_status":"closed","template":"","meta":[],"yoast_head":"<!-- This site is optimized with the Yoast SEO plugin v18.4.1 - https:\/\/yoast.com\/wordpress\/plugins\/seo\/ -->\n<title>Assistance et Infog\u00e9rance - EXEC<\/title>\n<meta name=\"robots\" content=\"index, follow, max-snippet:-1, max-image-preview:large, max-video-preview:-1\" \/>\n<link rel=\"canonical\" href=\"https:\/\/exec.fr\/?page_id=70\" \/>\n<meta property=\"og:locale\" content=\"fr_FR\" \/>\n<meta property=\"og:type\" content=\"article\" \/>\n<meta property=\"og:title\" content=\"Assistance et Infog\u00e9rance - EXEC\" \/>\n<meta property=\"og:description\" content=\"Contrat adapt\u00e9 \u00e0 votre structure et \u00e0 votre besoin Que ce soit pour une TPE\/PME o\u00f9 nous sommes le service informatique externalis\u00e9 de la soci\u00e9t\u00e9 en infog\u00e9rance \u00e0 la plus grande soci\u00e9t\u00e9 qui souhaite une pr\u00e9sence r\u00e9guli\u00e8re\u00a0(temps partag\u00e9, r\u00e9gie &#8230;)\u00a0d&rsquo;un informaticien\/DSI sur des sites r\u00e9gionaux en passant par des soci\u00e9t\u00e9s qui souhaitent avoir des interventions [&hellip;]\" \/>\n<meta property=\"og:url\" content=\"https:\/\/exec.fr\/?page_id=70\" \/>\n<meta property=\"og:site_name\" content=\"EXEC\" \/>\n<meta property=\"article:modified_time\" content=\"2026-04-22T17:04:59+00:00\" \/>\n<meta property=\"og:image\" content=\"https:\/\/exec.fr\/wp-content\/uploads\/2018\/11\/Icr_Assistance.png\" \/>\n\t<meta property=\"og:image:width\" content=\"512\" \/>\n\t<meta property=\"og:image:height\" content=\"512\" \/>\n\t<meta property=\"og:image:type\" content=\"image\/png\" \/>\n<meta name=\"twitter:card\" content=\"summary_large_image\" \/>\n<meta name=\"twitter:label1\" content=\"Dur\u00e9e de lecture estim\u00e9e\" \/>\n\t<meta name=\"twitter:data1\" content=\"2 minutes\" \/>\n<script type=\"application\/ld+json\" class=\"yoast-schema-graph\">{\"@context\":\"https:\/\/schema.org\",\"@graph\":[{\"@type\":\"Organization\",\"@id\":\"https:\/\/exec.fr\/#organization\",\"name\":\"EXEC\",\"url\":\"https:\/\/exec.fr\/\",\"sameAs\":[],\"logo\":{\"@type\":\"ImageObject\",\"@id\":\"https:\/\/exec.fr\/#logo\",\"inLanguage\":\"fr-FR\",\"url\":\"https:\/\/exec.fr\/wp-content\/uploads\/2018\/03\/execlogo.png\",\"contentUrl\":\"https:\/\/exec.fr\/wp-content\/uploads\/2018\/03\/execlogo.png\",\"width\":315,\"height\":222,\"caption\":\"EXEC\"},\"image\":{\"@id\":\"https:\/\/exec.fr\/#logo\"}},{\"@type\":\"WebSite\",\"@id\":\"https:\/\/exec.fr\/#website\",\"url\":\"https:\/\/exec.fr\/\",\"name\":\"EXEC\",\"description\":\"ESN informatique d&#039;Aquitaine qui accompagne ses entreprises clientes sur l&#039;audit, conseil, installation, assistance\/maintenance\",\"publisher\":{\"@id\":\"https:\/\/exec.fr\/#organization\"},\"potentialAction\":[{\"@type\":\"SearchAction\",\"target\":{\"@type\":\"EntryPoint\",\"urlTemplate\":\"https:\/\/exec.fr\/?s={search_term_string}\"},\"query-input\":\"required name=search_term_string\"}],\"inLanguage\":\"fr-FR\"},{\"@type\":\"ImageObject\",\"@id\":\"https:\/\/exec.fr\/?page_id=70#primaryimage\",\"inLanguage\":\"fr-FR\",\"url\":\"https:\/\/exec.fr\/wp-content\/uploads\/2018\/11\/Icr_Assistance.png\",\"contentUrl\":\"https:\/\/exec.fr\/wp-content\/uploads\/2018\/11\/Icr_Assistance.png\",\"width\":512,\"height\":512},{\"@type\":\"WebPage\",\"@id\":\"https:\/\/exec.fr\/?page_id=70#webpage\",\"url\":\"https:\/\/exec.fr\/?page_id=70\",\"name\":\"Assistance et Infog\u00e9rance - EXEC\",\"isPartOf\":{\"@id\":\"https:\/\/exec.fr\/#website\"},\"primaryImageOfPage\":{\"@id\":\"https:\/\/exec.fr\/?page_id=70#primaryimage\"},\"datePublished\":\"2018-03-22T17:32:00+00:00\",\"dateModified\":\"2026-04-22T17:04:59+00:00\",\"breadcrumb\":{\"@id\":\"https:\/\/exec.fr\/?page_id=70#breadcrumb\"},\"inLanguage\":\"fr-FR\",\"potentialAction\":[{\"@type\":\"ReadAction\",\"target\":[\"https:\/\/exec.fr\/?page_id=70\"]}]},{\"@type\":\"BreadcrumbList\",\"@id\":\"https:\/\/exec.fr\/?page_id=70#breadcrumb\",\"itemListElement\":[{\"@type\":\"ListItem\",\"position\":1,\"name\":\"Accueil\",\"item\":\"https:\/\/exec.fr\/\"},{\"@type\":\"ListItem\",\"position\":2,\"name\":\"Services\",\"item\":\"https:\/\/exec.fr\/?page_id=100\"},{\"@type\":\"ListItem\",\"position\":3,\"name\":\"Assistance et Infog\u00e9rance\"}]}]}<\/script>\n<!-- \/ Yoast SEO plugin. -->","yoast_head_json":{"title":"Assistance et Infog\u00e9rance - EXEC","robots":{"index":"index","follow":"follow","max-snippet":"max-snippet:-1","max-image-preview":"max-image-preview:large","max-video-preview":"max-video-preview:-1"},"canonical":"https:\/\/exec.fr\/?page_id=70","og_locale":"fr_FR","og_type":"article","og_title":"Assistance et Infog\u00e9rance - EXEC","og_description":"Contrat adapt\u00e9 \u00e0 votre structure et \u00e0 votre besoin Que ce soit pour une TPE\/PME o\u00f9 nous sommes le service informatique externalis\u00e9 de la soci\u00e9t\u00e9 en infog\u00e9rance \u00e0 la plus grande soci\u00e9t\u00e9 qui souhaite une pr\u00e9sence r\u00e9guli\u00e8re\u00a0(temps partag\u00e9, r\u00e9gie &#8230;)\u00a0d&rsquo;un informaticien\/DSI sur des sites r\u00e9gionaux en passant par des soci\u00e9t\u00e9s qui souhaitent avoir des interventions [&hellip;]","og_url":"https:\/\/exec.fr\/?page_id=70","og_site_name":"EXEC","article_modified_time":"2026-04-22T17:04:59+00:00","og_image":[{"width":512,"height":512,"url":"https:\/\/exec.fr\/wp-content\/uploads\/2018\/11\/Icr_Assistance.png","type":"image\/png"}],"twitter_card":"summary_large_image","twitter_misc":{"Dur\u00e9e de lecture estim\u00e9e":"2 minutes"},"schema":{"@context":"https:\/\/schema.org","@graph":[{"@type":"Organization","@id":"https:\/\/exec.fr\/#organization","name":"EXEC","url":"https:\/\/exec.fr\/","sameAs":[],"logo":{"@type":"ImageObject","@id":"https:\/\/exec.fr\/#logo","inLanguage":"fr-FR","url":"https:\/\/exec.fr\/wp-content\/uploads\/2018\/03\/execlogo.png","contentUrl":"https:\/\/exec.fr\/wp-content\/uploads\/2018\/03\/execlogo.png","width":315,"height":222,"caption":"EXEC"},"image":{"@id":"https:\/\/exec.fr\/#logo"}},{"@type":"WebSite","@id":"https:\/\/exec.fr\/#website","url":"https:\/\/exec.fr\/","name":"EXEC","description":"ESN informatique d&#039;Aquitaine qui accompagne ses entreprises clientes sur l&#039;audit, conseil, installation, assistance\/maintenance","publisher":{"@id":"https:\/\/exec.fr\/#organization"},"potentialAction":[{"@type":"SearchAction","target":{"@type":"EntryPoint","urlTemplate":"https:\/\/exec.fr\/?s={search_term_string}"},"query-input":"required name=search_term_string"}],"inLanguage":"fr-FR"},{"@type":"ImageObject","@id":"https:\/\/exec.fr\/?page_id=70#primaryimage","inLanguage":"fr-FR","url":"https:\/\/exec.fr\/wp-content\/uploads\/2018\/11\/Icr_Assistance.png","contentUrl":"https:\/\/exec.fr\/wp-content\/uploads\/2018\/11\/Icr_Assistance.png","width":512,"height":512},{"@type":"WebPage","@id":"https:\/\/exec.fr\/?page_id=70#webpage","url":"https:\/\/exec.fr\/?page_id=70","name":"Assistance et Infog\u00e9rance - EXEC","isPartOf":{"@id":"https:\/\/exec.fr\/#website"},"primaryImageOfPage":{"@id":"https:\/\/exec.fr\/?page_id=70#primaryimage"},"datePublished":"2018-03-22T17:32:00+00:00","dateModified":"2026-04-22T17:04:59+00:00","breadcrumb":{"@id":"https:\/\/exec.fr\/?page_id=70#breadcrumb"},"inLanguage":"fr-FR","potentialAction":[{"@type":"ReadAction","target":["https:\/\/exec.fr\/?page_id=70"]}]},{"@type":"BreadcrumbList","@id":"https:\/\/exec.fr\/?page_id=70#breadcrumb","itemListElement":[{"@type":"ListItem","position":1,"name":"Accueil","item":"https:\/\/exec.fr\/"},{"@type":"ListItem","position":2,"name":"Services","item":"https:\/\/exec.fr\/?page_id=100"},{"@type":"ListItem","position":3,"name":"Assistance et Infog\u00e9rance"}]}]}},"_links":{"self":[{"href":"https:\/\/exec.fr\/index.php?rest_route=\/wp\/v2\/pages\/70"}],"collection":[{"href":"https:\/\/exec.fr\/index.php?rest_route=\/wp\/v2\/pages"}],"about":[{"href":"https:\/\/exec.fr\/index.php?rest_route=\/wp\/v2\/types\/page"}],"author":[{"embeddable":true,"href":"https:\/\/exec.fr\/index.php?rest_route=\/wp\/v2\/users\/1"}],"replies":[{"embeddable":true,"href":"https:\/\/exec.fr\/index.php?rest_route=%2Fwp%2Fv2%2Fcomments&post=70"}],"version-history":[{"count":57,"href":"https:\/\/exec.fr\/index.php?rest_route=\/wp\/v2\/pages\/70\/revisions"}],"predecessor-version":[{"id":3450,"href":"https:\/\/exec.fr\/index.php?rest_route=\/wp\/v2\/pages\/70\/revisions\/3450"}],"up":[{"embeddable":true,"href":"https:\/\/exec.fr\/index.php?rest_route=\/wp\/v2\/pages\/100"}],"wp:featuredmedia":[{"embeddable":true,"href":"https:\/\/exec.fr\/index.php?rest_route=\/wp\/v2\/media\/2300"}],"wp:attachment":[{"href":"https:\/\/exec.fr\/index.php?rest_route=%2Fwp%2Fv2%2Fmedia&parent=70"}],"curies":[{"name":"wp","href":"https:\/\/api.w.org\/{rel}","templated":true}]}}