{"id":81,"date":"2018-03-22T19:19:18","date_gmt":"2018-03-22T18:19:18","guid":{"rendered":"http:\/\/exec.fr\/wp\/?page_id=81"},"modified":"2019-02-12T09:42:11","modified_gmt":"2019-02-12T08:42:11","slug":"nous-contacter","status":"publish","type":"page","link":"https:\/\/exec.fr\/?page_id=81","title":{"rendered":"Nous contacter"},"content":{"rendered":"\t\t<div data-elementor-type=\"wp-post\" data-elementor-id=\"81\" class=\"elementor elementor-81 elementor-bc-flex-widget\" data-elementor-settings=\"[]\">\n\t\t\t\t\t\t<div class=\"elementor-inner\">\n\t\t\t\t\t\t\t<div class=\"elementor-section-wrap\">\n\t\t\t\t\t\t\t<section class=\"elementor-section elementor-top-section elementor-element elementor-element-c5aa845 elementor-section-boxed elementor-section-height-default elementor-section-height-default\" data-id=\"c5aa845\" data-element_type=\"section\">\n\t\t\t\t\t\t<div class=\"elementor-container elementor-column-gap-default\">\n\t\t\t\t\t\t\t<div class=\"elementor-row\">\n\t\t\t\t\t<div class=\"elementor-column elementor-col-100 elementor-top-column elementor-element elementor-element-39d0e0e animated-slow elementor-invisible\" data-id=\"39d0e0e\" data-element_type=\"column\" data-settings=\"{&quot;animation&quot;:&quot;fadeIn&quot;}\">\n\t\t\t<div class=\"elementor-column-wrap elementor-element-populated\">\n\t\t\t\t\t\t\t<div class=\"elementor-widget-wrap\">\n\t\t\t\t\t\t<div class=\"elementor-element elementor-element-5300746 elementor-widget elementor-widget-image\" data-id=\"5300746\" data-element_type=\"widget\" data-widget_type=\"image.default\">\n\t\t\t\t<div class=\"elementor-widget-container\">\n\t\t\t\t\t<div class=\"elementor-image\">\n\t\t\t\t\t\t\t\t\t\t<img src=\"https:\/\/exec.fr\/wp-content\/uploads\/elementor\/thumbs\/Exec-nzmoullrrhbayo292qsmyigh81yue7o8e81wufqxsw.jpg\" title=\"Exec\" alt=\"Exec\" \/>\t\t\t\t\t\t\t\t\t\t\t<\/div>\n\t\t\t\t<\/div>\n\t\t\t\t<\/div>\n\t\t\t\t\t\t<\/div>\n\t\t\t\t\t<\/div>\n\t\t<\/div>\n\t\t\t\t\t\t\t\t<\/div>\n\t\t\t\t\t<\/div>\n\t\t<\/section>\n\t\t\t\t<section class=\"elementor-section elementor-top-section elementor-element elementor-element-d297a36 elementor-section-boxed elementor-section-height-default elementor-section-height-default\" data-id=\"d297a36\" data-element_type=\"section\">\n\t\t\t\t\t\t<div class=\"elementor-container elementor-column-gap-default\">\n\t\t\t\t\t\t\t<div class=\"elementor-row\">\n\t\t\t\t\t<div class=\"elementor-column elementor-col-100 elementor-top-column elementor-element elementor-element-d12e441\" data-id=\"d12e441\" data-element_type=\"column\">\n\t\t\t<div class=\"elementor-column-wrap elementor-element-populated\">\n\t\t\t\t\t\t\t<div class=\"elementor-widget-wrap\">\n\t\t\t\t\t\t<div class=\"elementor-element elementor-element-9ba657c elementor-widget elementor-widget-spacer\" data-id=\"9ba657c\" data-element_type=\"widget\" data-widget_type=\"spacer.default\">\n\t\t\t\t<div class=\"elementor-widget-container\">\n\t\t\t\t\t<div class=\"elementor-spacer\">\n\t\t\t<div class=\"elementor-spacer-inner\"><\/div>\n\t\t<\/div>\n\t\t\t\t<\/div>\n\t\t\t\t<\/div>\n\t\t\t\t\t\t<\/div>\n\t\t\t\t\t<\/div>\n\t\t<\/div>\n\t\t\t\t\t\t\t\t<\/div>\n\t\t\t\t\t<\/div>\n\t\t<\/section>\n\t\t\t\t<section class=\"elementor-section elementor-top-section elementor-element elementor-element-5320114 elementor-section-boxed elementor-section-height-default elementor-section-height-default\" data-id=\"5320114\" data-element_type=\"section\">\n\t\t\t\t\t\t<div class=\"elementor-container elementor-column-gap-default\">\n\t\t\t\t\t\t\t<div class=\"elementor-row\">\n\t\t\t\t\t<div class=\"elementor-column elementor-col-33 elementor-top-column elementor-element elementor-element-ac8f2b5 animated-slow elementor-invisible\" data-id=\"ac8f2b5\" data-element_type=\"column\" data-settings=\"{&quot;animation&quot;:&quot;fadeInLeft&quot;}\">\n\t\t\t<div class=\"elementor-column-wrap elementor-element-populated\">\n\t\t\t\t\t\t\t<div class=\"elementor-widget-wrap\">\n\t\t\t\t\t\t<div class=\"elementor-element elementor-element-9cea2d3 elementor-widget elementor-widget-heading\" data-id=\"9cea2d3\" data-element_type=\"widget\" data-widget_type=\"heading.default\">\n\t\t\t\t<div class=\"elementor-widget-container\">\n\t\t\t<h3 class=\"elementor-heading-title elementor-size-default\">Pour nous rendre visite :<\/h3>\t\t<\/div>\n\t\t\t\t<\/div>\n\t\t\t\t<div class=\"elementor-element elementor-element-fc3c1c5 elementor-widget elementor-widget-text-editor\" data-id=\"fc3c1c5\" data-element_type=\"widget\" data-widget_type=\"text-editor.default\">\n\t\t\t\t<div class=\"elementor-widget-container\">\n\t\t\t\t\t<div class=\"elementor-text-editor elementor-clearfix\"><p><span style=\"font-size: 16pt; color: #000000;\">4, Rue Ren\u00e9 Martrenchar 33150 CENON<\/span><\/p><\/div>\n\t\t\t\t<\/div>\n\t\t\t\t<\/div>\n\t\t\t\t<div class=\"elementor-element elementor-element-a39ebb7 elementor-widget elementor-widget-heading\" data-id=\"a39ebb7\" data-element_type=\"widget\" data-widget_type=\"heading.default\">\n\t\t\t\t<div class=\"elementor-widget-container\">\n\t\t\t<h3 class=\"elementor-heading-title elementor-size-default\">Pour nous contacter :<\/h3>\t\t<\/div>\n\t\t\t\t<\/div>\n\t\t\t\t<div class=\"elementor-element elementor-element-23a60f0 elementor-widget elementor-widget-text-editor\" data-id=\"23a60f0\" data-element_type=\"widget\" data-widget_type=\"text-editor.default\">\n\t\t\t\t<div class=\"elementor-widget-container\">\n\t\t\t\t\t<div class=\"elementor-text-editor elementor-clearfix\"><p style=\"text-align: justify;\">T\u00e9l\u00e9phone\u00a0: \u00a005 57 54 47\u00a030<\/p><p style=\"text-align: justify;\">Mail\u00a0: commercial@exec.fr<\/p><\/div>\n\t\t\t\t<\/div>\n\t\t\t\t<\/div>\n\t\t\t\t\t\t<\/div>\n\t\t\t\t\t<\/div>\n\t\t<\/div>\n\t\t\t\t<div class=\"elementor-column elementor-col-66 elementor-top-column elementor-element elementor-element-6389db7\" data-id=\"6389db7\" data-element_type=\"column\">\n\t\t\t<div class=\"elementor-column-wrap elementor-element-populated\">\n\t\t\t\t\t\t\t<div class=\"elementor-widget-wrap\">\n\t\t\t\t\t\t<div class=\"elementor-element elementor-element-9d11dcb elementor-invisible elementor-widget elementor-widget-google_maps\" data-id=\"9d11dcb\" data-element_type=\"widget\" data-settings=\"{&quot;_animation&quot;:&quot;zoomIn&quot;}\" data-widget_type=\"google_maps.default\">\n\t\t\t\t<div class=\"elementor-widget-container\">\n\t\t\t<div class=\"elementor-custom-embed\"><iframe frameborder=\"0\" scrolling=\"no\" marginheight=\"0\" marginwidth=\"0\" src=\"https:\/\/maps.google.com\/maps?q=Exec%20cenon&amp;t=m&amp;z=11&amp;output=embed&amp;iwloc=near\" title=\"Exec cenon\" aria-label=\"Exec cenon\"><\/iframe><\/div>\t\t<\/div>\n\t\t\t\t<\/div>\n\t\t\t\t\t\t<\/div>\n\t\t\t\t\t<\/div>\n\t\t<\/div>\n\t\t\t\t\t\t\t\t<\/div>\n\t\t\t\t\t<\/div>\n\t\t<\/section>\n\t\t\t\t\t\t<\/div>\n\t\t\t\t\t\t<\/div>\n\t\t\t\t\t<\/div>\n\t\t","protected":false},"excerpt":{"rendered":"<p>Pour nous rendre visite : 4, Rue Ren\u00e9 Martrenchar 33150 CENON Pour nous contacter : T\u00e9l\u00e9phone&nbsp;: &nbsp;05 57 54 47&nbsp;30 Mail&nbsp;: commercial@exec.fr<\/p>\n","protected":false},"author":1,"featured_media":2101,"parent":20,"menu_order":2,"comment_status":"closed","ping_status":"closed","template":"","meta":[],"yoast_head":"<!-- This site is optimized with the Yoast SEO plugin v18.4.1 - https:\/\/yoast.com\/wordpress\/plugins\/seo\/ -->\n<title>Nous contacter - EXEC<\/title>\n<meta name=\"robots\" content=\"index, follow, max-snippet:-1, max-image-preview:large, max-video-preview:-1\" \/>\n<link rel=\"canonical\" href=\"https:\/\/exec.fr\/?page_id=81\" \/>\n<meta property=\"og:locale\" content=\"fr_FR\" \/>\n<meta property=\"og:type\" content=\"article\" \/>\n<meta property=\"og:title\" content=\"Nous contacter - EXEC\" \/>\n<meta property=\"og:description\" content=\"Pour nous rendre visite : 4, Rue Ren\u00e9 Martrenchar 33150 CENON Pour nous contacter : T\u00e9l\u00e9phone&nbsp;: &nbsp;05 57 54 47&nbsp;30 Mail&nbsp;: commercial@exec.fr\" \/>\n<meta property=\"og:url\" content=\"https:\/\/exec.fr\/?page_id=81\" \/>\n<meta property=\"og:site_name\" content=\"EXEC\" \/>\n<meta property=\"article:modified_time\" content=\"2019-02-12T08:42:11+00:00\" \/>\n<meta property=\"og:image\" content=\"https:\/\/exec.fr\/wp-content\/uploads\/2018\/11\/Exec.jpg\" \/>\n\t<meta property=\"og:image:width\" content=\"1871\" \/>\n\t<meta property=\"og:image:height\" content=\"1246\" \/>\n\t<meta property=\"og:image:type\" content=\"image\/jpeg\" \/>\n<meta name=\"twitter:card\" content=\"summary_large_image\" \/>\n<script type=\"application\/ld+json\" class=\"yoast-schema-graph\">{\"@context\":\"https:\/\/schema.org\",\"@graph\":[{\"@type\":\"Organization\",\"@id\":\"https:\/\/exec.fr\/#organization\",\"name\":\"EXEC\",\"url\":\"https:\/\/exec.fr\/\",\"sameAs\":[],\"logo\":{\"@type\":\"ImageObject\",\"@id\":\"https:\/\/exec.fr\/#logo\",\"inLanguage\":\"fr-FR\",\"url\":\"https:\/\/exec.fr\/wp-content\/uploads\/2018\/03\/execlogo.png\",\"contentUrl\":\"https:\/\/exec.fr\/wp-content\/uploads\/2018\/03\/execlogo.png\",\"width\":315,\"height\":222,\"caption\":\"EXEC\"},\"image\":{\"@id\":\"https:\/\/exec.fr\/#logo\"}},{\"@type\":\"WebSite\",\"@id\":\"https:\/\/exec.fr\/#website\",\"url\":\"https:\/\/exec.fr\/\",\"name\":\"EXEC\",\"description\":\"ESN informatique d&#039;Aquitaine qui accompagne ses entreprises clientes sur l&#039;audit, conseil, installation, assistance\/maintenance\",\"publisher\":{\"@id\":\"https:\/\/exec.fr\/#organization\"},\"potentialAction\":[{\"@type\":\"SearchAction\",\"target\":{\"@type\":\"EntryPoint\",\"urlTemplate\":\"https:\/\/exec.fr\/?s={search_term_string}\"},\"query-input\":\"required name=search_term_string\"}],\"inLanguage\":\"fr-FR\"},{\"@type\":\"ImageObject\",\"@id\":\"https:\/\/exec.fr\/?page_id=81#primaryimage\",\"inLanguage\":\"fr-FR\",\"url\":\"https:\/\/exec.fr\/wp-content\/uploads\/2018\/11\/Exec.jpg\",\"contentUrl\":\"https:\/\/exec.fr\/wp-content\/uploads\/2018\/11\/Exec.jpg\",\"width\":1871,\"height\":1246},{\"@type\":\"WebPage\",\"@id\":\"https:\/\/exec.fr\/?page_id=81#webpage\",\"url\":\"https:\/\/exec.fr\/?page_id=81\",\"name\":\"Nous contacter - EXEC\",\"isPartOf\":{\"@id\":\"https:\/\/exec.fr\/#website\"},\"primaryImageOfPage\":{\"@id\":\"https:\/\/exec.fr\/?page_id=81#primaryimage\"},\"datePublished\":\"2018-03-22T18:19:18+00:00\",\"dateModified\":\"2019-02-12T08:42:11+00:00\",\"breadcrumb\":{\"@id\":\"https:\/\/exec.fr\/?page_id=81#breadcrumb\"},\"inLanguage\":\"fr-FR\",\"potentialAction\":[{\"@type\":\"ReadAction\",\"target\":[\"https:\/\/exec.fr\/?page_id=81\"]}]},{\"@type\":\"BreadcrumbList\",\"@id\":\"https:\/\/exec.fr\/?page_id=81#breadcrumb\",\"itemListElement\":[{\"@type\":\"ListItem\",\"position\":1,\"name\":\"Accueil\",\"item\":\"https:\/\/exec.fr\/\"},{\"@type\":\"ListItem\",\"position\":2,\"name\":\"La soci\u00e9t\u00e9 EXEC\",\"item\":\"https:\/\/exec.fr\/?page_id=20\"},{\"@type\":\"ListItem\",\"position\":3,\"name\":\"Nous contacter\"}]}]}<\/script>\n<!-- \/ Yoast SEO plugin. -->","yoast_head_json":{"title":"Nous contacter - EXEC","robots":{"index":"index","follow":"follow","max-snippet":"max-snippet:-1","max-image-preview":"max-image-preview:large","max-video-preview":"max-video-preview:-1"},"canonical":"https:\/\/exec.fr\/?page_id=81","og_locale":"fr_FR","og_type":"article","og_title":"Nous contacter - EXEC","og_description":"Pour nous rendre visite : 4, Rue Ren\u00e9 Martrenchar 33150 CENON Pour nous contacter : T\u00e9l\u00e9phone&nbsp;: &nbsp;05 57 54 47&nbsp;30 Mail&nbsp;: commercial@exec.fr","og_url":"https:\/\/exec.fr\/?page_id=81","og_site_name":"EXEC","article_modified_time":"2019-02-12T08:42:11+00:00","og_image":[{"width":1871,"height":1246,"url":"https:\/\/exec.fr\/wp-content\/uploads\/2018\/11\/Exec.jpg","type":"image\/jpeg"}],"twitter_card":"summary_large_image","schema":{"@context":"https:\/\/schema.org","@graph":[{"@type":"Organization","@id":"https:\/\/exec.fr\/#organization","name":"EXEC","url":"https:\/\/exec.fr\/","sameAs":[],"logo":{"@type":"ImageObject","@id":"https:\/\/exec.fr\/#logo","inLanguage":"fr-FR","url":"https:\/\/exec.fr\/wp-content\/uploads\/2018\/03\/execlogo.png","contentUrl":"https:\/\/exec.fr\/wp-content\/uploads\/2018\/03\/execlogo.png","width":315,"height":222,"caption":"EXEC"},"image":{"@id":"https:\/\/exec.fr\/#logo"}},{"@type":"WebSite","@id":"https:\/\/exec.fr\/#website","url":"https:\/\/exec.fr\/","name":"EXEC","description":"ESN informatique d&#039;Aquitaine qui accompagne ses entreprises clientes sur l&#039;audit, conseil, installation, assistance\/maintenance","publisher":{"@id":"https:\/\/exec.fr\/#organization"},"potentialAction":[{"@type":"SearchAction","target":{"@type":"EntryPoint","urlTemplate":"https:\/\/exec.fr\/?s={search_term_string}"},"query-input":"required name=search_term_string"}],"inLanguage":"fr-FR"},{"@type":"ImageObject","@id":"https:\/\/exec.fr\/?page_id=81#primaryimage","inLanguage":"fr-FR","url":"https:\/\/exec.fr\/wp-content\/uploads\/2018\/11\/Exec.jpg","contentUrl":"https:\/\/exec.fr\/wp-content\/uploads\/2018\/11\/Exec.jpg","width":1871,"height":1246},{"@type":"WebPage","@id":"https:\/\/exec.fr\/?page_id=81#webpage","url":"https:\/\/exec.fr\/?page_id=81","name":"Nous contacter - EXEC","isPartOf":{"@id":"https:\/\/exec.fr\/#website"},"primaryImageOfPage":{"@id":"https:\/\/exec.fr\/?page_id=81#primaryimage"},"datePublished":"2018-03-22T18:19:18+00:00","dateModified":"2019-02-12T08:42:11+00:00","breadcrumb":{"@id":"https:\/\/exec.fr\/?page_id=81#breadcrumb"},"inLanguage":"fr-FR","potentialAction":[{"@type":"ReadAction","target":["https:\/\/exec.fr\/?page_id=81"]}]},{"@type":"BreadcrumbList","@id":"https:\/\/exec.fr\/?page_id=81#breadcrumb","itemListElement":[{"@type":"ListItem","position":1,"name":"Accueil","item":"https:\/\/exec.fr\/"},{"@type":"ListItem","position":2,"name":"La soci\u00e9t\u00e9 EXEC","item":"https:\/\/exec.fr\/?page_id=20"},{"@type":"ListItem","position":3,"name":"Nous contacter"}]}]}},"_links":{"self":[{"href":"https:\/\/exec.fr\/index.php?rest_route=\/wp\/v2\/pages\/81"}],"collection":[{"href":"https:\/\/exec.fr\/index.php?rest_route=\/wp\/v2\/pages"}],"about":[{"href":"https:\/\/exec.fr\/index.php?rest_route=\/wp\/v2\/types\/page"}],"author":[{"embeddable":true,"href":"https:\/\/exec.fr\/index.php?rest_route=\/wp\/v2\/users\/1"}],"replies":[{"embeddable":true,"href":"https:\/\/exec.fr\/index.php?rest_route=%2Fwp%2Fv2%2Fcomments&post=81"}],"version-history":[{"count":43,"href":"https:\/\/exec.fr\/index.php?rest_route=\/wp\/v2\/pages\/81\/revisions"}],"predecessor-version":[{"id":2643,"href":"https:\/\/exec.fr\/index.php?rest_route=\/wp\/v2\/pages\/81\/revisions\/2643"}],"up":[{"embeddable":true,"href":"https:\/\/exec.fr\/index.php?rest_route=\/wp\/v2\/pages\/20"}],"wp:featuredmedia":[{"embeddable":true,"href":"https:\/\/exec.fr\/index.php?rest_route=\/wp\/v2\/media\/2101"}],"wp:attachment":[{"href":"https:\/\/exec.fr\/index.php?rest_route=%2Fwp%2Fv2%2Fmedia&parent=81"}],"curies":[{"name":"wp","href":"https:\/\/api.w.org\/{rel}","templated":true}]}}